{"id":5692,"date":"2022-04-05T09:52:40","date_gmt":"2022-04-05T09:52:40","guid":{"rendered":"https:\/\/www.mmo-sro.cz\/en\/?page_id=5692"},"modified":"2022-04-05T09:55:50","modified_gmt":"2022-04-05T09:55:50","slug":"year-2016-2020","status":"publish","type":"page","link":"https:\/\/www.mmo-sro.cz\/en\/reference\/year-2016-2020\/","title":{"rendered":"YEAR 2016-2020"},"content":{"rendered":"<p>Steel structure fabrication and installation for a project \u201eShopping Center Hav\u00ed\u0159ov Na Kopci\u201c for a company &nbsp;NBS Invest a.s.<br \/>\n<strong>Fabrication: 30 tonnes<\/strong><strong><br \/>\nInstallation: 73&nbsp;tonnes<\/strong><\/p>\n<p>Production of &nbsp;254 pieces of columns with side fits for noise barriers.<br \/>\n<strong>Weight: 85 tonnes<\/strong><\/p>\n<p>Steel structure installation for a project \u201eAutomatic Parking System, \u010cVUT \u2013 Czech Institute of Informatics, Robotics and Cybernetics -CIIRC\u201c.<br \/>\n<strong>Weight: 89 tonnes<\/strong><\/p>\n<p>Production of steel bolts for a project \u201eStadium San Mames, Bilbao\u201c incl.surface treatment. <br \/>\n<strong>Weight: 42 tonnes <\/strong><\/p>\n<p>Disassembly, production and installation of steel structure incl. surface treatment for a project &nbsp;\u201eCONVEYOR BELT 020 REPAIR IN AGGLOMERATION\u201c in the area of a company ArcelorMittal Ostrava a.s.<br \/>\n<strong>Weight: 120 tonnes<\/strong><\/p>\n<p>Disassembly, production and installation of steel structure for a project \u201eRepair of the 1st and 2nd field of the bridge of conveyor belts P70 and P71 from the north in the area of a company ArcelorMittal Ostrava a.s.\u201c inlc. surface treatmet.<br \/>\n<strong>Weight: 55 tonnes<\/strong><\/p>\n<p>Steel structure delivery and installation of objects SO 503 and SO 504 for a project \u201eUniversal granulation line and ammonium nitrate\u201c in the area of a company LOVOCHEMIE a.s. \u2013 Lovosice inlc. surface treatment. <br \/>\n<strong>Weight: 137 tonnes<\/strong><\/p>\n<p>Fabrication of supporting steel structure for a project \u201eStorage shed Autoneum CZ \u2013 Choce\u0148\u201c incl. surface treatment.<br \/>\n<strong>Weight: 99 tonnes<\/strong><\/p>\n<p>Steel structure delivery of a taxiway for a project \u201eOre Crane Repair \u2013 AMO\u201c incl. surface treatment. <br \/>\n<strong>Weight: 136 tonnes<\/strong><\/p>\n<p>Steel structure delivery and installation for a project \u201eVentilation in a hall ALU 1\u201c and \u201eReinforcement of the roof of the northern outbuilding ALU2\u201c in the area of a company MAXION WHEELS, Ostrava-Kun\u010dice incl.surface treatment. <br \/>\n<strong>Weight: 77 tonnes<\/strong><\/p>\n<p>Steel structure production of bridges, pylons and towers for a project \u201eEquipment for cleaning\u201c incl. surface treatment. <br \/>\n<strong>Weight: 62 tonnes<\/strong><\/p>\n<p>Fabrication of supporting steel structure of columns, beams, stiffeners and wall constructions for a project \u201eSYRA 4 PROJECT \u2013 PROCESS UNIT\u201c<br \/>\n<strong>Weight: 185 tonnes<\/strong><\/p>\n<p>Delivery and assemvly of bridge steel structure for a project \u201eVZT nov\u00e9 \u017e\u00edhac\u00ed linky \u2013 ALUKOLA 1\u201c on the premises of the company Maxion Wheels Czech s.r.o. incl. surface treatment. <br \/>\n<strong>Weight: 24 tonnes<\/strong><\/p>\n<p>Delivery and assembly of steel structure for a project \u201eP\u0159\u00edstavba B\u011bl\u00edrny C215\u201c on the premises of the company Mondi \u0160t\u011bt\u00ed a.s. incl. surface treatment.&nbsp;<br \/>\n<strong>Weight: 38 tonnes<\/strong><\/p>\n<p>Fabrication of steel structure of supporting columns for a noise barrier wall..<br \/>\n<strong>Weight: 276 tonnes <\/strong><\/p>\n<p>Fabrication of steel structure for a project \u201eNovostavba haly LARA SERVIS \u2013 Nitra\u201c incl. surface treatment.&nbsp;<br \/>\n<strong>Weight: 103 tonnes <\/strong><\/p>\n<p>Production of 10 pcs of crane runways, foot-bridges and handrails for a project \u201eKW Staning \u2013 Erneuerung Kranbahn\u201c incl. surface treatment.&nbsp;<br \/>\n<strong>Weight: 122 tonnes<\/strong><\/p>\n<p>Assembly of supporting steel structure for a project \u201eObchodn\u00ed centrum Na Kopci \u2013 Hav\u00ed\u0159ov\u201c.&nbsp;<br \/>\n<strong>Weight: 115 tonnes<\/strong><\/p>\n<p>Delivery of steel structure of \u201eSingle purpose aids\u201c for a project \u201eHOFOR BIO 4 \u2013 CYMIC BOILER\u201c incl. surface treatment.<br \/>\n<strong>Weight: 87 tonnes<\/strong><\/p>\n<p>Fabrication of bridge steel structure for a project \u201eP\u0159ivad\u011b\u010d DN 500 Z\u00e1humenice \u2013 B\u011bl\u00e1 \u2013 rekonstrukce p\u0159\u00edvodn\u00edho \u0159adu, 1. etapa \u2013 havarijn\u00ed \u0159e\u0161en\u00ed p\u0159echodu Odry\u201c incl. surface treatment. <br \/>\n<strong>Weight: 53 tonnes<\/strong><\/p>\n<p>Delivery and assembly of steel structure for a project \u201eEcoFlex Etapa I.I.III \u2013 SO02.2 \u2013 Odparky\u201c on the premises of the company Mondi \u0160t\u011bt\u00ed a.s. incl. surface treatment. <br \/>\n<strong>Weight: 95 tonnes<\/strong><\/p>\n<p>Production of supporting steel structure for a project \u201ePenthaus \u2013 Deuna\u201c. <br \/>\n<strong>Weight: 97 tonnes<\/strong><\/p>\n<p>Delivery and assemby of&nbsp; pylon steel structure for a project \u201eBIGBOARD HYUNDAI\u201c incl. surface treatment. <br \/>\n<strong>Weight: 33 tonnes<\/strong><\/p>\n<p>Delivery of steel structure of secondary storage consele for a project \u201eHOFOR BIO 4 \u2013 CYMIC BOILER\u201c incl. surface treatment.<br \/>\n<strong>Weight: 109 tonnes<\/strong><\/p>\n<p>Fabrication of supporting steel structure of pipe bridges for a project \u201ePIPE RACK, NEXEN TIRE Czech republic\u201c. <br \/>\n<strong>Weight: 104 tonnes<\/strong><\/p>\n<p>Assembly of bridge steel structure for a project \u201eFeeder DN 500 Z\u00e1humenice \u2013 B\u011bl\u00e1 \u2013 reconstruction of the incoming order, 1st phase \u2013 emergency river Odra crossing\u201c. <br \/>\n<strong>Weight: 53 tonnes<\/strong><\/p>\n<p>Delivery and assembly of steel structure for a project \u201eGrammar school and Elementary school HELLO\u201c inlc. surface treatment. <br \/>\n<strong>Weight: 35 tonnes<\/strong><\/p>\n<p>Delivery and assembly of roof steel structure and trapezoidal sheets for a project \u201eSIGMUND\u00b4s HIGH SCHOOL ENGINNERING LUT\u00cdN \u2013 SCHOOL CAFETERIA MODERNIZATION\u201c incl. surface treatment. <br \/>\n<strong>Weight: 56 tonnes&nbsp;<\/strong><\/p>\n<p>Disassembly, delivery and assembly of steel structure for a project \u201eCONSTRUCTION WORKS ON THE EXISTING LIME FURNACE\u201c on the premises of the company Mondi \u0160t\u011bt\u00ed, a.s. incl. surface treatment. <br \/>\n<strong>Weight: 67 tonnes<\/strong><\/p>\n<p>Delivery of hall structure for a project \u201eASP Group \u2013 Store of motocycle goods and Sample workshop\u201c incl. surface treatment. <br \/>\n<strong>Weight: 238 tonnes<\/strong><\/p>\n<p>Delivery and assembly of hall steel structure for a project \u201eHEMAT TRADE OSTRAVA, a.s. \u2013 Stock of metallurgical material\u201c incl. sheating and surface treatment. <br \/>\n<strong>Weight: 278 tonnes&nbsp;<\/strong><\/p>\n<p>Delivery and assembly of hall steel structure and trapezoidal sheets for a project \u201eSports Hall \u2013 Sokolovna Svinov\u201c incl. surface treatmanet. <br \/>\n<strong>Weight: 60 tonnes&nbsp;<\/strong><\/p>\n<p>Delivery and assembly of a building supporting steel structure and roofing steel structure for a project \u201eBACKGROUND FOR VPP in Ostrava-Poruba\u201c incl. surface treatment.<br \/>\n<strong>Weight: 106 tonnes<\/strong><\/p>\n<p>Delivery and assembly of a steel structure under the boiler for a project \u201eGeneral Recovery and Greening ZEVO MALE\u0160ICE \u2013 Heat Treatment of Waste\u201d incl.surface treatment. <br \/>\n<strong>Weight: 244 tonnes<\/strong><\/p>\n<p>Production of supporting a steel structure for lower and upper floor for a project \u201eEnergy Gypsum Load for a Power Station Prun\u00e9\u0159ov\u201d. <br \/>\n<strong>Weight: 53 tonnes<\/strong><\/p>\n<p>Delivery and assembly of a ramp steel structure for a project \u201eParking object ALPEX Ostrava\u201c. <br \/>\n<strong>Weight: 54 tonnes<\/strong><\/p>\n<p>Disassembly, delivery and assembly of a hall steel structure for a project \u201eRoofing of Sludge Field, SUEZ Fr\u00fddek-M\u00edstek\u201c . <br \/>\n<strong>Weight: 20 tonnes <\/strong><\/p>\n<p>Delivery and assembly of steel structure for a project \u201eLEX AUTO TB Area, Authorized BMW Service\u201d incl. surface treatment. <br \/>\n<strong>Weight: 69 tonnes<\/strong><\/p>\n<p>Delivery of steel structure of lower and upper part of a platform for a project \u201eSweden\u201c. <br \/>\n<strong>Weight: 131 tonnes<\/strong><\/p>\n<p>Delivery of supporting steel structure for an object 05-10 for a project \u201eAustria\u201c. <br \/>\n<strong>Weight: 47 tonnes&nbsp;<\/strong><\/p>\n<p>Delivery of steel structure above the portal for a project \u201ePS 01 \u2013 Equipment for sampling and processing of mixtures for the production of blast furnace agglomerates \u201c including surface treatment. <br \/>\n<strong>Weight: 116 tonnes<\/strong><\/p>\n<p>Delivery and assembly of steel structures under the boiler for a project \u201eGENERAL RENEWAL AND ECOLOGIZATION of ZEVO MALE\u0160ICE \u2013 HEAT TREATMENT OF WASTE\u201c including surface treatmet. <br \/>\n<strong>Weight: 255 tonnes<\/strong><\/p>\n<p>Supply of steel structures for a project \u201c Intensification of Z17 \u0160KO-ENERGO treatment plants, Mlad\u00e1 Boleslav\u201c including surface treatment. <br \/>\n<strong>Weight: 30 tonnes<\/strong><\/p>\n<p>Production of steel structure of towers and platforms for a project \u201eTURM 2\u201c <br \/>\n<strong>Weight: 46 tonnes<\/strong><\/p>\n<p>Production of steel structure of towers and platforms for a project \u201eTURM 5\u201c <br \/>\n<strong>Weight: 37 tonnes<\/strong><\/p>\n<p>Delivery and installation of steel construction of the built-in for a project \u201eGTB Star\u00e9 M\u011bsto\u201c including surface treatment. <br \/>\n<strong>Weight : 14 tonnes<\/strong><\/p>\n<p>Delivery and installation of steel structure and cladding of shipping malt tanks for a project \u201c Modernization of technological equipment in the malting plant in Hodonice\u201c including &nbsp;surface treatment.<br \/>\n<strong>Weight: 78 tonnes <\/strong><\/p>\n<p>Production of steel structure of towers and platforms for a project \u201eTURM 1\u201c <br \/>\n<strong>Weight: 32 tonnes<\/strong><\/p>\n<p>Production of steel structure of objects 01-03 for a project \u201eNILL\u201c <br \/>\n<strong>Weight: 23 tonnes<\/strong><\/p>\n","protected":false},"excerpt":{"rendered":"<p>Steel structure fabrication and installation for a project \u201eShopping Center Hav\u00ed\u0159ov Na Kopci\u201c for a company &nbsp;NBS Invest a.s. Fabrication: 30 tonnes Installation: 73&nbsp;tonnes Production of &nbsp;254 pieces of columns with side fits for noise barriers. Weight: 85 tonnes Steel structure installation for a project \u201eAutomatic Parking System, \u010cVUT \u2013 Czech Institute of Informatics, Robotics [&hellip;]<\/p>\n","protected":false},"author":2,"featured_media":0,"parent":5147,"menu_order":0,"comment_status":"closed","ping_status":"closed","template":"reference.php","meta":{"footnotes":""},"aioseo_notices":[],"_links":{"self":[{"href":"https:\/\/www.mmo-sro.cz\/en\/wp-json\/wp\/v2\/pages\/5692"}],"collection":[{"href":"https:\/\/www.mmo-sro.cz\/en\/wp-json\/wp\/v2\/pages"}],"about":[{"href":"https:\/\/www.mmo-sro.cz\/en\/wp-json\/wp\/v2\/types\/page"}],"author":[{"embeddable":true,"href":"https:\/\/www.mmo-sro.cz\/en\/wp-json\/wp\/v2\/users\/2"}],"replies":[{"embeddable":true,"href":"https:\/\/www.mmo-sro.cz\/en\/wp-json\/wp\/v2\/comments?post=5692"}],"version-history":[{"count":4,"href":"https:\/\/www.mmo-sro.cz\/en\/wp-json\/wp\/v2\/pages\/5692\/revisions"}],"predecessor-version":[{"id":5698,"href":"https:\/\/www.mmo-sro.cz\/en\/wp-json\/wp\/v2\/pages\/5692\/revisions\/5698"}],"up":[{"embeddable":true,"href":"https:\/\/www.mmo-sro.cz\/en\/wp-json\/wp\/v2\/pages\/5147"}],"wp:attachment":[{"href":"https:\/\/www.mmo-sro.cz\/en\/wp-json\/wp\/v2\/media?parent=5692"}],"curies":[{"name":"wp","href":"https:\/\/api.w.org\/{rel}","templated":true}]}}