{"id":5591,"date":"2019-01-30T09:04:50","date_gmt":"2019-01-30T09:04:50","guid":{"rendered":"https:\/\/www.mmo-sro.cz\/en\/?page_id=5591"},"modified":"2019-01-30T09:04:54","modified_gmt":"2019-01-30T09:04:54","slug":"year-2018","status":"publish","type":"page","link":"https:\/\/www.mmo-sro.cz\/en\/reference\/year-2018\/","title":{"rendered":"YEAR 2018"},"content":{"rendered":"<p>Delivery of steel structure of secondary storage consele for a project \u201eHOFOR BIO 4 \u2013 CYMIC BOILER\u201c incl. surface treatment.<br \/> <strong>Weight: 109 tonnes<\/strong><\/p>\n<p>Fabrication of supporting steel structure of pipe bridges for a project \u201ePIPE RACK, NEXEN TIRE Czech republic\u201c. <br \/> <strong>Weight: 104 tonnes<\/strong><\/p>\n<p>Assembly of bridge steel structure for a project \u201eFeeder DN 500 Z\u00e1humenice \u2013 B\u011bl\u00e1 \u2013 reconstruction of the incoming order, 1st phase \u2013 emergency river Odra crossing\u201c. <br \/> <strong>Weight: 53 tonnes<\/strong><\/p>\n<p>Delivery and assembly of steel structure for a project \u201eGrammar school and Elementary school HELLO\u201c inlc. surface treatment. <br \/> <strong>Weight: 35 tonnes<\/strong><\/p>\n<p>Delivery and assembly of roof steel structure and trapezoidal sheets for a project \u201eSIGMUND\u00b4s HIGH SCHOOL ENGINNERING LUT\u00cdN \u2013 SCHOOL CAFETERIA MODERNIZATION\u201c incl. surface treatment. <br \/> <strong>Weight: 56 tonnes\u00a0<\/strong><\/p>\n<p>Disassembly, delivery and assembly of steel structure for a project \u201eCONSTRUCTION WORKS ON THE EXISTING LIME FURNACE\u201c on the premises of the company Mondi \u0160t\u011bt\u00ed, a.s. incl. surface treatment. <br \/> <strong>Weight: 67 tonnes<\/strong><\/p>\n<p>Delivery of hall structure for a project \u201eASP Group \u2013 Store of motocycle goods and Sample workshop\u201c incl. surface treatment. <br \/> <strong>Weight: 238 tonnes<\/strong><\/p>\n<p>Delivery and assembly of hall steel structure for a project \u201eHEMAT TRADE OSTRAVA, a.s. \u2013 Stock of metallurgical material\u201c incl. sheating and surface treatment. <br \/> <strong>Weight: 278 tonnes\u00a0<\/strong><\/p>\n<p>Delivery and assembly of hall steel structure and trapezoidal sheets for a project \u201eSports Hall \u2013 Sokolovna Svinov\u201c incl. surface treatmanet. <br \/> <strong>Weight: 60 tonnes\u00a0<\/strong><\/p>\n<p>&nbsp;<\/p>\n","protected":false},"excerpt":{"rendered":"<p>Delivery of steel structure of secondary storage consele for a project \u201eHOFOR BIO 4 \u2013 CYMIC BOILER\u201c incl. surface treatment. Weight: 109 tonnes Fabrication of supporting steel structure of pipe bridges for a project \u201ePIPE RACK, NEXEN TIRE Czech republic\u201c. Weight: 104 tonnes Assembly of bridge steel structure for a project \u201eFeeder DN 500 Z\u00e1humenice [&hellip;]<\/p>\n","protected":false},"author":2,"featured_media":0,"parent":5147,"menu_order":0,"comment_status":"closed","ping_status":"closed","template":"reference.php","meta":{"footnotes":""},"aioseo_notices":[],"_links":{"self":[{"href":"https:\/\/www.mmo-sro.cz\/en\/wp-json\/wp\/v2\/pages\/5591"}],"collection":[{"href":"https:\/\/www.mmo-sro.cz\/en\/wp-json\/wp\/v2\/pages"}],"about":[{"href":"https:\/\/www.mmo-sro.cz\/en\/wp-json\/wp\/v2\/types\/page"}],"author":[{"embeddable":true,"href":"https:\/\/www.mmo-sro.cz\/en\/wp-json\/wp\/v2\/users\/2"}],"replies":[{"embeddable":true,"href":"https:\/\/www.mmo-sro.cz\/en\/wp-json\/wp\/v2\/comments?post=5591"}],"version-history":[{"count":2,"href":"https:\/\/www.mmo-sro.cz\/en\/wp-json\/wp\/v2\/pages\/5591\/revisions"}],"predecessor-version":[{"id":5593,"href":"https:\/\/www.mmo-sro.cz\/en\/wp-json\/wp\/v2\/pages\/5591\/revisions\/5593"}],"up":[{"embeddable":true,"href":"https:\/\/www.mmo-sro.cz\/en\/wp-json\/wp\/v2\/pages\/5147"}],"wp:attachment":[{"href":"https:\/\/www.mmo-sro.cz\/en\/wp-json\/wp\/v2\/media?parent=5591"}],"curies":[{"name":"wp","href":"https:\/\/api.w.org\/{rel}","templated":true}]}}