{"id":5555,"date":"2018-01-19T08:33:11","date_gmt":"2018-01-19T08:33:11","guid":{"rendered":"https:\/\/www.mmo-sro.cz\/en\/?page_id=5555"},"modified":"2018-01-19T08:35:12","modified_gmt":"2018-01-19T08:35:12","slug":"year-2017","status":"publish","type":"page","link":"https:\/\/www.mmo-sro.cz\/en\/year-2017\/","title":{"rendered":"YEAR 2017"},"content":{"rendered":"<p>Fabrication of supporting steel structure of columns, beams, stiffeners and wall constructions for a project \u201eSYRA 4 PROJECT \u2013 PROCESS UNIT\u201c<br \/> <strong>Weight: 185 tonnes<\/strong><\/p>\n<p>Delivery and assemvly of bridge steel structure for a project \u201eVZT nov\u00e9 \u017e\u00edhac\u00ed linky \u2013 ALUKOLA 1\u201c on the premises of the company Maxion Wheels Czech s.r.o. incl. surface treatment. <br \/> <strong>Weight: 24 tonnes<\/strong><\/p>\n<p>Delivery and assembly of steel structure for a project \u201eP\u0159\u00edstavba B\u011bl\u00edrny C215\u201c on the premises of the company Mondi \u0160t\u011bt\u00ed a.s. incl. surface treatment.\u00a0<br \/> <strong>Weight: 38 tonnes<\/strong><\/p>\n<p>Fabrication of steel structure of supporting columns for a noise barrier wall..<br \/> <strong>Weight: 276 tonnes <\/strong><\/p>\n<p>Fabrication of steel structure for a project &#8222;Novostavba haly LARA SERVIS &#8211; Nitra&#8220; incl. surface treatment.\u00a0<br \/> <strong>Weight: 103 tonnes <\/strong><\/p>\n<p>Production of 10 pcs of crane runways, foot-bridges and handrails for a project &#8222;KW Staning &#8211; Erneuerung Kranbahn&#8220; incl. surface treatment.\u00a0<br \/> <strong>Weight: 122 tonnes<\/strong><\/p>\n<p>Assembly of supporting steel structure for a project \u201eObchodn\u00ed centrum Na Kopci &#8211; Hav\u00ed\u0159ov&#8220;.\u00a0<br \/> <strong>Weight: 115 tonnes<\/strong><\/p>\n<p>Delivery of steel structure of \u201eSingle purpose aids\u201c for a project &#8222;HOFOR BIO 4 &#8211; CYMIC BOILER&#8220; incl. surface treatment.<br \/> <strong>Weight: 87 tonnes<\/strong><\/p>\n<p>Fabrication of bridge steel structure for a project &#8222;P\u0159ivad\u011b\u010d DN 500 Z\u00e1humenice &#8211; B\u011bl\u00e1 &#8211; rekonstrukce p\u0159\u00edvodn\u00edho \u0159adu, 1. etapa &#8211; havarijn\u00ed \u0159e\u0161en\u00ed p\u0159echodu Odry\u201c incl. surface treatment. <br \/> <strong>Weight: 53 tonnes<\/strong><\/p>\n<p>Delivery and assembly of steel structure for a project &#8222;EcoFlex Etapa I.I.III &#8211; SO02.2 &#8211; Odparky&#8220; on the premises of the company Mondi \u0160t\u011bt\u00ed a.s. incl. surface treatment. <br \/> <strong>Weight: 95 tonnes<\/strong><\/p>\n<p>Production of supporting steel structure for a project &#8222;Penthaus &#8211; Deuna&#8220;. <br \/> <strong>Weight: 97 tonnes<\/strong><\/p>\n<p>Delivery and assemby of\u00a0 pylon steel structure for a project \u201eBIGBOARD HYUNDAI&#8220; incl. surface treatment. <br \/> <strong>Weight: 33 tonnes<\/strong><\/p>\n<p>&nbsp;<\/p>\n","protected":false},"excerpt":{"rendered":"<p>Fabrication of supporting steel structure of columns, beams, stiffeners and wall constructions for a project \u201eSYRA 4 PROJECT \u2013 PROCESS UNIT\u201c Weight: 185 tonnes Delivery and assemvly of bridge steel structure for a project \u201eVZT nov\u00e9 \u017e\u00edhac\u00ed linky \u2013 ALUKOLA 1\u201c on the premises of the company Maxion Wheels Czech s.r.o. incl. surface treatment. Weight: [&hellip;]<\/p>\n","protected":false},"author":2,"featured_media":0,"parent":0,"menu_order":0,"comment_status":"closed","ping_status":"closed","template":"reference.php","meta":{"footnotes":""},"aioseo_notices":[],"_links":{"self":[{"href":"https:\/\/www.mmo-sro.cz\/en\/wp-json\/wp\/v2\/pages\/5555"}],"collection":[{"href":"https:\/\/www.mmo-sro.cz\/en\/wp-json\/wp\/v2\/pages"}],"about":[{"href":"https:\/\/www.mmo-sro.cz\/en\/wp-json\/wp\/v2\/types\/page"}],"author":[{"embeddable":true,"href":"https:\/\/www.mmo-sro.cz\/en\/wp-json\/wp\/v2\/users\/2"}],"replies":[{"embeddable":true,"href":"https:\/\/www.mmo-sro.cz\/en\/wp-json\/wp\/v2\/comments?post=5555"}],"version-history":[{"count":2,"href":"https:\/\/www.mmo-sro.cz\/en\/wp-json\/wp\/v2\/pages\/5555\/revisions"}],"predecessor-version":[{"id":5558,"href":"https:\/\/www.mmo-sro.cz\/en\/wp-json\/wp\/v2\/pages\/5555\/revisions\/5558"}],"wp:attachment":[{"href":"https:\/\/www.mmo-sro.cz\/en\/wp-json\/wp\/v2\/media?parent=5555"}],"curies":[{"name":"wp","href":"https:\/\/api.w.org\/{rel}","templated":true}]}}