{"id":5165,"date":"2016-03-02T13:05:13","date_gmt":"2016-03-02T13:05:13","guid":{"rendered":"https:\/\/www.mmo-sro.cz\/?page_id=5165"},"modified":"2019-03-07T10:40:13","modified_gmt":"2019-03-07T10:40:13","slug":"civil-administrative-steel-structure","status":"publish","type":"page","link":"https:\/\/www.mmo-sro.cz\/en\/galerie\/civil-administrative-steel-structure\/","title":{"rendered":"Civil\u2013Administrative Steel Structure"},"content":{"rendered":"\n\t\t<style type=\"text\/css\">\n\t\t\t#gallery-1 {\n\t\t\t\tmargin: auto;\n\t\t\t}\n\t\t\t#gallery-1 .gallery-item {\n\t\t\t\tfloat: left;\n\t\t\t\tmargin-top: 10px;\n\t\t\t\ttext-align: center;\n\t\t\t\twidth: 25%;\n\t\t\t}\n\t\t\t#gallery-1 img {\n\t\t\t\tborder: 2px solid #cfcfcf;\n\t\t\t}\n\t\t\t#gallery-1 .gallery-caption {\n\t\t\t\tmargin-left: 0;\n\t\t\t}\n\t\t\t\/* see gallery_shortcode() in wp-includes\/media.php *\/\n\t\t<\/style>\n\t\t<div id='gallery-1' class='gallery galleryid-5165 gallery-columns-4 gallery-size-thumbnail'><dl class='gallery-item'>\n\t\t\t<dt class='gallery-icon landscape'>\n\t\t\t\t<a href='https:\/\/www.mmo-sro.cz\/en\/wp-content\/uploads\/sites\/3\/2016\/03\/20190307_104227.jpg'><img loading=\"lazy\" decoding=\"async\" width=\"300\" height=\"200\" src=\"https:\/\/www.mmo-sro.cz\/en\/wp-content\/uploads\/sites\/3\/2016\/03\/20190307_104227-300x200.jpg\" class=\"attachment-thumbnail size-thumbnail\" alt=\"\" \/><\/a>\n\t\t\t<\/dt><\/dl><dl class='gallery-item'>\n\t\t\t<dt class='gallery-icon landscape'>\n\t\t\t\t<a href='https:\/\/www.mmo-sro.cz\/en\/wp-content\/uploads\/sites\/3\/2016\/03\/20190307_103226.jpg'><img loading=\"lazy\" decoding=\"async\" width=\"300\" height=\"200\" src=\"https:\/\/www.mmo-sro.cz\/en\/wp-content\/uploads\/sites\/3\/2016\/03\/20190307_103226-300x200.jpg\" class=\"attachment-thumbnail size-thumbnail\" alt=\"\" \/><\/a>\n\t\t\t<\/dt><\/dl><dl class='gallery-item'>\n\t\t\t<dt class='gallery-icon landscape'>\n\t\t\t\t<a href='https:\/\/www.mmo-sro.cz\/en\/wp-content\/uploads\/sites\/3\/2016\/03\/20190307_103452.jpg'><img loading=\"lazy\" decoding=\"async\" width=\"300\" height=\"200\" src=\"https:\/\/www.mmo-sro.cz\/en\/wp-content\/uploads\/sites\/3\/2016\/03\/20190307_103452-300x200.jpg\" class=\"attachment-thumbnail size-thumbnail\" alt=\"\" \/><\/a>\n\t\t\t<\/dt><\/dl><dl class='gallery-item'>\n\t\t\t<dt class='gallery-icon landscape'>\n\t\t\t\t<a href='https:\/\/www.mmo-sro.cz\/en\/wp-content\/uploads\/sites\/3\/2016\/03\/20190307_103425.jpg'><img loading=\"lazy\" decoding=\"async\" width=\"300\" height=\"200\" src=\"https:\/\/www.mmo-sro.cz\/en\/wp-content\/uploads\/sites\/3\/2016\/03\/20190307_103425-300x200.jpg\" class=\"attachment-thumbnail size-thumbnail\" alt=\"\" \/><\/a>\n\t\t\t<\/dt><\/dl><br style=\"clear: both\" \/><dl class='gallery-item'>\n\t\t\t<dt class='gallery-icon landscape'>\n\t\t\t\t<a href='https:\/\/www.mmo-sro.cz\/en\/wp-content\/uploads\/sites\/3\/2016\/03\/20181218_094443.jpg'><img loading=\"lazy\" decoding=\"async\" width=\"300\" height=\"200\" src=\"https:\/\/www.mmo-sro.cz\/en\/wp-content\/uploads\/sites\/3\/2016\/03\/20181218_094443-300x200.jpg\" class=\"attachment-thumbnail size-thumbnail\" alt=\"\" \/><\/a>\n\t\t\t<\/dt><\/dl><dl class='gallery-item'>\n\t\t\t<dt class='gallery-icon landscape'>\n\t\t\t\t<a href='https:\/\/www.mmo-sro.cz\/en\/wp-content\/uploads\/sites\/3\/2016\/03\/20181218_094350.jpg'><img loading=\"lazy\" decoding=\"async\" width=\"300\" height=\"200\" src=\"https:\/\/www.mmo-sro.cz\/en\/wp-content\/uploads\/sites\/3\/2016\/03\/20181218_094350-300x200.jpg\" class=\"attachment-thumbnail size-thumbnail\" alt=\"\" \/><\/a>\n\t\t\t<\/dt><\/dl><dl class='gallery-item'>\n\t\t\t<dt class='gallery-icon landscape'>\n\t\t\t\t<a href='https:\/\/www.mmo-sro.cz\/en\/wp-content\/uploads\/sites\/3\/2016\/03\/20181218_093917.jpg'><img loading=\"lazy\" decoding=\"async\" width=\"300\" height=\"200\" src=\"https:\/\/www.mmo-sro.cz\/en\/wp-content\/uploads\/sites\/3\/2016\/03\/20181218_093917-300x200.jpg\" class=\"attachment-thumbnail size-thumbnail\" alt=\"\" \/><\/a>\n\t\t\t<\/dt><\/dl><dl class='gallery-item'>\n\t\t\t<dt class='gallery-icon landscape'>\n\t\t\t\t<a href='https:\/\/www.mmo-sro.cz\/en\/wp-content\/uploads\/sites\/3\/2016\/03\/20181218_094424.jpg'><img loading=\"lazy\" decoding=\"async\" width=\"300\" height=\"200\" src=\"https:\/\/www.mmo-sro.cz\/en\/wp-content\/uploads\/sites\/3\/2016\/03\/20181218_094424-300x200.jpg\" class=\"attachment-thumbnail size-thumbnail\" alt=\"\" \/><\/a>\n\t\t\t<\/dt><\/dl><br style=\"clear: both\" \/><dl class='gallery-item'>\n\t\t\t<dt class='gallery-icon landscape'>\n\t\t\t\t<a href='https:\/\/www.mmo-sro.cz\/en\/wp-content\/uploads\/sites\/3\/2016\/03\/\u010cesk\u00e1-T\u0159ebov\u00e1-stadion-1.jpg'><img loading=\"lazy\" decoding=\"async\" width=\"300\" height=\"200\" src=\"https:\/\/www.mmo-sro.cz\/en\/wp-content\/uploads\/sites\/3\/2016\/03\/\u010cesk\u00e1-T\u0159ebov\u00e1-stadion-1-300x200.jpg\" class=\"attachment-thumbnail size-thumbnail\" alt=\"\" srcset=\"https:\/\/www.mmo-sro.cz\/en\/wp-content\/uploads\/sites\/3\/2016\/03\/\u010cesk\u00e1-T\u0159ebov\u00e1-stadion-1-300x201.jpg 300w, https:\/\/www.mmo-sro.cz\/en\/wp-content\/uploads\/sites\/3\/2016\/03\/\u010cesk\u00e1-T\u0159ebov\u00e1-stadion-1-1024x686.jpg 1024w\" sizes=\"(max-width: 300px) 100vw, 300px\" \/><\/a>\n\t\t\t<\/dt><\/dl><dl class='gallery-item'>\n\t\t\t<dt class='gallery-icon landscape'>\n\t\t\t\t<a href='https:\/\/www.mmo-sro.cz\/en\/wp-content\/uploads\/sites\/3\/2016\/03\/\u010cesk\u00e1-T\u0159ebov\u00e1-stadion-3.jpg'><img loading=\"lazy\" decoding=\"async\" width=\"300\" height=\"200\" src=\"https:\/\/www.mmo-sro.cz\/en\/wp-content\/uploads\/sites\/3\/2016\/03\/\u010cesk\u00e1-T\u0159ebov\u00e1-stadion-3-300x200.jpg\" class=\"attachment-thumbnail size-thumbnail\" alt=\"\" \/><\/a>\n\t\t\t<\/dt><\/dl><dl class='gallery-item'>\n\t\t\t<dt class='gallery-icon landscape'>\n\t\t\t\t<a href='https:\/\/www.mmo-sro.cz\/en\/wp-content\/uploads\/sites\/3\/2016\/03\/\u010cesk\u00e1-T\u0159ebov\u00e1-stadion-2.jpg'><img loading=\"lazy\" decoding=\"async\" width=\"300\" height=\"200\" src=\"https:\/\/www.mmo-sro.cz\/en\/wp-content\/uploads\/sites\/3\/2016\/03\/\u010cesk\u00e1-T\u0159ebov\u00e1-stadion-2-300x200.jpg\" class=\"attachment-thumbnail size-thumbnail\" alt=\"\" \/><\/a>\n\t\t\t<\/dt><\/dl><dl class='gallery-item'>\n\t\t\t<dt class='gallery-icon landscape'>\n\t\t\t\t<a href='https:\/\/www.mmo-sro.cz\/en\/wp-content\/uploads\/sites\/3\/2016\/03\/\u010cesk\u00e1-T\u0159ebov\u00e1-stadion-4.jpg'><img loading=\"lazy\" decoding=\"async\" width=\"300\" height=\"200\" src=\"https:\/\/www.mmo-sro.cz\/en\/wp-content\/uploads\/sites\/3\/2016\/03\/\u010cesk\u00e1-T\u0159ebov\u00e1-stadion-4-300x200.jpg\" class=\"attachment-thumbnail size-thumbnail\" alt=\"\" \/><\/a>\n\t\t\t<\/dt><\/dl><br style=\"clear: both\" \/><dl class='gallery-item'>\n\t\t\t<dt class='gallery-icon portrait'>\n\t\t\t\t<a href='https:\/\/www.mmo-sro.cz\/en\/wp-content\/uploads\/sites\/3\/2016\/03\/IMG-20171219-WA0002.jpg'><img loading=\"lazy\" decoding=\"async\" width=\"300\" height=\"200\" src=\"https:\/\/www.mmo-sro.cz\/en\/wp-content\/uploads\/sites\/3\/2016\/03\/IMG-20171219-WA0002-300x200.jpg\" class=\"attachment-thumbnail size-thumbnail\" alt=\"\" \/><\/a>\n\t\t\t<\/dt><\/dl><dl class='gallery-item'>\n\t\t\t<dt class='gallery-icon portrait'>\n\t\t\t\t<a href='https:\/\/www.mmo-sro.cz\/en\/wp-content\/uploads\/sites\/3\/2016\/03\/IMG-20171219-WA0004.jpg'><img loading=\"lazy\" decoding=\"async\" width=\"300\" height=\"200\" src=\"https:\/\/www.mmo-sro.cz\/en\/wp-content\/uploads\/sites\/3\/2016\/03\/IMG-20171219-WA0004-300x200.jpg\" class=\"attachment-thumbnail size-thumbnail\" alt=\"\" \/><\/a>\n\t\t\t<\/dt><\/dl><dl class='gallery-item'>\n\t\t\t<dt class='gallery-icon landscape'>\n\t\t\t\t<a href='https:\/\/www.mmo-sro.cz\/en\/wp-content\/uploads\/sites\/3\/2016\/03\/Ameba-Brno-2.jpg'><img loading=\"lazy\" decoding=\"async\" width=\"300\" height=\"200\" src=\"https:\/\/www.mmo-sro.cz\/en\/wp-content\/uploads\/sites\/3\/2016\/03\/Ameba-Brno-2-300x200.jpg\" class=\"attachment-thumbnail size-thumbnail\" alt=\"\" \/><\/a>\n\t\t\t<\/dt><\/dl><dl class='gallery-item'>\n\t\t\t<dt class='gallery-icon landscape'>\n\t\t\t\t<a href='https:\/\/www.mmo-sro.cz\/en\/wp-content\/uploads\/sites\/3\/2016\/03\/Ameba-Brno-1.jpg'><img loading=\"lazy\" decoding=\"async\" width=\"300\" height=\"200\" src=\"https:\/\/www.mmo-sro.cz\/en\/wp-content\/uploads\/sites\/3\/2016\/03\/Ameba-Brno-1-300x200.jpg\" class=\"attachment-thumbnail size-thumbnail\" alt=\"\" \/><\/a>\n\t\t\t<\/dt><\/dl><br style=\"clear: both\" \/><dl class='gallery-item'>\n\t\t\t<dt class='gallery-icon landscape'>\n\t\t\t\t<a href='https:\/\/www.mmo-sro.cz\/en\/wp-content\/uploads\/sites\/3\/2016\/03\/IMG_20170803_075855.jpg'><img loading=\"lazy\" decoding=\"async\" width=\"300\" height=\"200\" src=\"https:\/\/www.mmo-sro.cz\/en\/wp-content\/uploads\/sites\/3\/2016\/03\/IMG_20170803_075855-300x200.jpg\" class=\"attachment-thumbnail size-thumbnail\" alt=\"\" \/><\/a>\n\t\t\t<\/dt><\/dl><dl class='gallery-item'>\n\t\t\t<dt class='gallery-icon landscape'>\n\t\t\t\t<a href='https:\/\/www.mmo-sro.cz\/en\/wp-content\/uploads\/sites\/3\/2016\/03\/IMG_20170803_080420.jpg'><img loading=\"lazy\" decoding=\"async\" width=\"300\" height=\"200\" src=\"https:\/\/www.mmo-sro.cz\/en\/wp-content\/uploads\/sites\/3\/2016\/03\/IMG_20170803_080420-300x200.jpg\" class=\"attachment-thumbnail size-thumbnail\" alt=\"\" \/><\/a>\n\t\t\t<\/dt><\/dl><dl class='gallery-item'>\n\t\t\t<dt class='gallery-icon portrait'>\n\t\t\t\t<a href='https:\/\/www.mmo-sro.cz\/en\/wp-content\/uploads\/sites\/3\/2016\/03\/Abuja-knihovna-1.jpg'><img loading=\"lazy\" decoding=\"async\" width=\"300\" height=\"200\" src=\"https:\/\/www.mmo-sro.cz\/en\/wp-content\/uploads\/sites\/3\/2016\/03\/Abuja-knihovna-1-300x200.jpg\" class=\"attachment-thumbnail size-thumbnail\" alt=\"\" \/><\/a>\n\t\t\t<\/dt><\/dl><dl class='gallery-item'>\n\t\t\t<dt class='gallery-icon portrait'>\n\t\t\t\t<a href='https:\/\/www.mmo-sro.cz\/en\/wp-content\/uploads\/sites\/3\/2016\/03\/Abuja-knihovna-2.jpg'><img loading=\"lazy\" decoding=\"async\" width=\"300\" height=\"200\" src=\"https:\/\/www.mmo-sro.cz\/en\/wp-content\/uploads\/sites\/3\/2016\/03\/Abuja-knihovna-2-300x200.jpg\" class=\"attachment-thumbnail size-thumbnail\" alt=\"\" \/><\/a>\n\t\t\t<\/dt><\/dl><br style=\"clear: both\" \/><dl class='gallery-item'>\n\t\t\t<dt class='gallery-icon landscape'>\n\t\t\t\t<a href='https:\/\/www.mmo-sro.cz\/en\/wp-content\/uploads\/sites\/3\/2016\/03\/OC-Hav\u00ed\u0159ov-na-Kopci-26.2.2016.jpg'><img loading=\"lazy\" decoding=\"async\" width=\"300\" height=\"200\" src=\"https:\/\/www.mmo-sro.cz\/en\/wp-content\/uploads\/sites\/3\/2016\/03\/OC-Hav\u00ed\u0159ov-na-Kopci-26.2.2016-300x200.jpg\" class=\"attachment-thumbnail size-thumbnail\" alt=\"\" \/><\/a>\n\t\t\t<\/dt><\/dl><dl class='gallery-item'>\n\t\t\t<dt class='gallery-icon landscape'>\n\t\t\t\t<a href='https:\/\/www.mmo-sro.cz\/en\/wp-content\/uploads\/sites\/3\/2016\/03\/P\u0159\u00edstavba-Autoservisu-Karlovy-Vary.jpg'><img loading=\"lazy\" decoding=\"async\" width=\"300\" height=\"200\" src=\"https:\/\/www.mmo-sro.cz\/en\/wp-content\/uploads\/sites\/3\/2016\/03\/P\u0159\u00edstavba-Autoservisu-Karlovy-Vary-300x200.jpg\" class=\"attachment-thumbnail size-thumbnail\" alt=\"\" \/><\/a>\n\t\t\t<\/dt><\/dl><dl class='gallery-item'>\n\t\t\t<dt class='gallery-icon landscape'>\n\t\t\t\t<a href='https:\/\/www.mmo-sro.cz\/en\/wp-content\/uploads\/sites\/3\/2016\/03\/Zast\u0159e\u0161en\u00ed-podchodu-Savarin-Ostrava.jpg'><img loading=\"lazy\" decoding=\"async\" width=\"300\" height=\"200\" src=\"https:\/\/www.mmo-sro.cz\/en\/wp-content\/uploads\/sites\/3\/2016\/03\/Zast\u0159e\u0161en\u00ed-podchodu-Savarin-Ostrava-300x200.jpg\" class=\"attachment-thumbnail size-thumbnail\" alt=\"\" srcset=\"https:\/\/www.mmo-sro.cz\/en\/wp-content\/uploads\/sites\/3\/2016\/03\/Zast\u0159e\u0161en\u00ed-podchodu-Savarin-Ostrava-300x199.jpg 300w, https:\/\/www.mmo-sro.cz\/en\/wp-content\/uploads\/sites\/3\/2016\/03\/Zast\u0159e\u0161en\u00ed-podchodu-Savarin-Ostrava.jpg 768w\" sizes=\"(max-width: 300px) 100vw, 300px\" \/><\/a>\n\t\t\t<\/dt><\/dl><dl class='gallery-item'>\n\t\t\t<dt class='gallery-icon landscape'>\n\t\t\t\t<a href='https:\/\/www.mmo-sro.cz\/en\/wp-content\/uploads\/sites\/3\/2016\/03\/N\u00e1dstavba-Brno.jpg'><img loading=\"lazy\" decoding=\"async\" width=\"300\" height=\"200\" src=\"https:\/\/www.mmo-sro.cz\/en\/wp-content\/uploads\/sites\/3\/2016\/03\/N\u00e1dstavba-Brno-300x200.jpg\" class=\"attachment-thumbnail size-thumbnail\" alt=\"\" \/><\/a>\n\t\t\t<\/dt><\/dl><br style=\"clear: both\" \/><dl class='gallery-item'>\n\t\t\t<dt class='gallery-icon landscape'>\n\t\t\t\t<a href='https:\/\/www.mmo-sro.cz\/en\/wp-content\/uploads\/sites\/3\/2016\/03\/Zast\u0159e\u0161en\u00ed-hl.-n\u00e1dra\u017e\u00ed-Praha-1.jpg'><img loading=\"lazy\" decoding=\"async\" width=\"300\" height=\"200\" src=\"https:\/\/www.mmo-sro.cz\/en\/wp-content\/uploads\/sites\/3\/2016\/03\/Zast\u0159e\u0161en\u00ed-hl.-n\u00e1dra\u017e\u00ed-Praha-1-300x200.jpg\" class=\"attachment-thumbnail size-thumbnail\" alt=\"\" \/><\/a>\n\t\t\t<\/dt><\/dl><dl class='gallery-item'>\n\t\t\t<dt class='gallery-icon landscape'>\n\t\t\t\t<a href='https:\/\/www.mmo-sro.cz\/en\/wp-content\/uploads\/sites\/3\/2016\/03\/Zast\u0159e\u0161en\u00ed-hl.-n\u00e1dra\u017e\u00ed-Praha-2.jpg'><img loading=\"lazy\" decoding=\"async\" width=\"300\" height=\"200\" src=\"https:\/\/www.mmo-sro.cz\/en\/wp-content\/uploads\/sites\/3\/2016\/03\/Zast\u0159e\u0161en\u00ed-hl.-n\u00e1dra\u017e\u00ed-Praha-2-300x200.jpg\" class=\"attachment-thumbnail size-thumbnail\" alt=\"\" \/><\/a>\n\t\t\t<\/dt><\/dl><dl class='gallery-item'>\n\t\t\t<dt class='gallery-icon landscape'>\n\t\t\t\t<a href='https:\/\/www.mmo-sro.cz\/en\/wp-content\/uploads\/sites\/3\/2016\/03\/JMP-1.jpg'><img loading=\"lazy\" decoding=\"async\" width=\"300\" height=\"200\" src=\"https:\/\/www.mmo-sro.cz\/en\/wp-content\/uploads\/sites\/3\/2016\/03\/JMP-1-300x200.jpg\" class=\"attachment-thumbnail size-thumbnail\" alt=\"\" \/><\/a>\n\t\t\t<\/dt><\/dl><dl class='gallery-item'>\n\t\t\t<dt class='gallery-icon landscape'>\n\t\t\t\t<a href='https:\/\/www.mmo-sro.cz\/en\/wp-content\/uploads\/sites\/3\/2016\/03\/JMP-2.jpg'><img loading=\"lazy\" decoding=\"async\" width=\"300\" height=\"200\" src=\"https:\/\/www.mmo-sro.cz\/en\/wp-content\/uploads\/sites\/3\/2016\/03\/JMP-2-300x200.jpg\" class=\"attachment-thumbnail size-thumbnail\" alt=\"\" \/><\/a>\n\t\t\t<\/dt><\/dl><br style=\"clear: both\" \/><dl class='gallery-item'>\n\t\t\t<dt class='gallery-icon landscape'>\n\t\t\t\t<a href='https:\/\/www.mmo-sro.cz\/en\/wp-content\/uploads\/sites\/3\/2016\/03\/JMP-3.jpg'><img loading=\"lazy\" decoding=\"async\" width=\"300\" height=\"200\" src=\"https:\/\/www.mmo-sro.cz\/en\/wp-content\/uploads\/sites\/3\/2016\/03\/JMP-3-300x200.jpg\" class=\"attachment-thumbnail size-thumbnail\" alt=\"\" \/><\/a>\n\t\t\t<\/dt><\/dl><dl class='gallery-item'>\n\t\t\t<dt class='gallery-icon landscape'>\n\t\t\t\t<a href='https:\/\/www.mmo-sro.cz\/en\/wp-content\/uploads\/sites\/3\/2016\/03\/JMP-K1.jpg'><img loading=\"lazy\" decoding=\"async\" width=\"300\" height=\"200\" src=\"https:\/\/www.mmo-sro.cz\/en\/wp-content\/uploads\/sites\/3\/2016\/03\/JMP-K1-300x200.jpg\" class=\"attachment-thumbnail size-thumbnail\" alt=\"\" \/><\/a>\n\t\t\t<\/dt><\/dl><dl class='gallery-item'>\n\t\t\t<dt class='gallery-icon landscape'>\n\t\t\t\t<a href='https:\/\/www.mmo-sro.cz\/en\/wp-content\/uploads\/sites\/3\/2016\/03\/JMP-K2.jpg'><img loading=\"lazy\" decoding=\"async\" width=\"300\" height=\"200\" src=\"https:\/\/www.mmo-sro.cz\/en\/wp-content\/uploads\/sites\/3\/2016\/03\/JMP-K2-300x200.jpg\" class=\"attachment-thumbnail size-thumbnail\" alt=\"\" \/><\/a>\n\t\t\t<\/dt><\/dl><dl class='gallery-item'>\n\t\t\t<dt class='gallery-icon landscape'>\n\t\t\t\t<a href='https:\/\/www.mmo-sro.cz\/en\/wp-content\/uploads\/sites\/3\/2016\/03\/Zimn\u00ed-stadion-Bohum\u00edn.jpg'><img loading=\"lazy\" decoding=\"async\" width=\"300\" height=\"200\" src=\"https:\/\/www.mmo-sro.cz\/en\/wp-content\/uploads\/sites\/3\/2016\/03\/Zimn\u00ed-stadion-Bohum\u00edn-300x200.jpg\" class=\"attachment-thumbnail size-thumbnail\" alt=\"\" \/><\/a>\n\t\t\t<\/dt><\/dl><br style=\"clear: both\" \/>\n\t\t<\/div>\n\n","protected":false},"excerpt":{"rendered":"","protected":false},"author":1,"featured_media":5324,"parent":5149,"menu_order":8,"comment_status":"closed","ping_status":"closed","template":"","meta":{"footnotes":""},"aioseo_notices":[],"_links":{"self":[{"href":"https:\/\/www.mmo-sro.cz\/en\/wp-json\/wp\/v2\/pages\/5165"}],"collection":[{"href":"https:\/\/www.mmo-sro.cz\/en\/wp-json\/wp\/v2\/pages"}],"about":[{"href":"https:\/\/www.mmo-sro.cz\/en\/wp-json\/wp\/v2\/types\/page"}],"author":[{"embeddable":true,"href":"https:\/\/www.mmo-sro.cz\/en\/wp-json\/wp\/v2\/users\/1"}],"replies":[{"embeddable":true,"href":"https:\/\/www.mmo-sro.cz\/en\/wp-json\/wp\/v2\/comments?post=5165"}],"version-history":[{"count":12,"href":"https:\/\/www.mmo-sro.cz\/en\/wp-json\/wp\/v2\/pages\/5165\/revisions"}],"predecessor-version":[{"id":5601,"href":"https:\/\/www.mmo-sro.cz\/en\/wp-json\/wp\/v2\/pages\/5165\/revisions\/5601"}],"up":[{"embeddable":true,"href":"https:\/\/www.mmo-sro.cz\/en\/wp-json\/wp\/v2\/pages\/5149"}],"wp:featuredmedia":[{"embeddable":true,"href":"https:\/\/www.mmo-sro.cz\/en\/wp-json\/wp\/v2\/media\/5324"}],"wp:attachment":[{"href":"https:\/\/www.mmo-sro.cz\/en\/wp-json\/wp\/v2\/media?parent=5165"}],"curies":[{"name":"wp","href":"https:\/\/api.w.org\/{rel}","templated":true}]}}