{"id":5161,"date":"2016-03-02T13:04:15","date_gmt":"2016-03-02T13:04:15","guid":{"rendered":"https:\/\/www.mmo-sro.cz\/?page_id=5161"},"modified":"2018-11-29T12:09:10","modified_gmt":"2018-11-29T12:09:10","slug":"industrial-halls","status":"publish","type":"page","link":"https:\/\/www.mmo-sro.cz\/en\/galerie\/industrial-halls\/","title":{"rendered":"Industrial Halls"},"content":{"rendered":"\n\t\t<style type=\"text\/css\">\n\t\t\t#gallery-1 {\n\t\t\t\tmargin: auto;\n\t\t\t}\n\t\t\t#gallery-1 .gallery-item {\n\t\t\t\tfloat: left;\n\t\t\t\tmargin-top: 10px;\n\t\t\t\ttext-align: center;\n\t\t\t\twidth: 25%;\n\t\t\t}\n\t\t\t#gallery-1 img {\n\t\t\t\tborder: 2px solid #cfcfcf;\n\t\t\t}\n\t\t\t#gallery-1 .gallery-caption {\n\t\t\t\tmargin-left: 0;\n\t\t\t}\n\t\t\t\/* see gallery_shortcode() in wp-includes\/media.php *\/\n\t\t<\/style>\n\t\t<div id='gallery-1' class='gallery galleryid-5161 gallery-columns-4 gallery-size-thumbnail'><dl class='gallery-item'>\n\t\t\t<dt class='gallery-icon landscape'>\n\t\t\t\t<a href='https:\/\/www.mmo-sro.cz\/en\/wp-content\/uploads\/sites\/3\/2016\/03\/20181129_120642.jpg'><img loading=\"lazy\" decoding=\"async\" width=\"300\" height=\"200\" src=\"https:\/\/www.mmo-sro.cz\/en\/wp-content\/uploads\/sites\/3\/2016\/03\/20181129_120642-300x200.jpg\" class=\"attachment-thumbnail size-thumbnail\" alt=\"\" \/><\/a>\n\t\t\t<\/dt><\/dl><dl class='gallery-item'>\n\t\t\t<dt class='gallery-icon landscape'>\n\t\t\t\t<a href='https:\/\/www.mmo-sro.cz\/en\/wp-content\/uploads\/sites\/3\/2016\/03\/20181129_120707.jpg'><img loading=\"lazy\" decoding=\"async\" width=\"300\" height=\"200\" src=\"https:\/\/www.mmo-sro.cz\/en\/wp-content\/uploads\/sites\/3\/2016\/03\/20181129_120707-300x200.jpg\" class=\"attachment-thumbnail size-thumbnail\" alt=\"\" \/><\/a>\n\t\t\t<\/dt><\/dl><dl class='gallery-item'>\n\t\t\t<dt class='gallery-icon landscape'>\n\t\t\t\t<a href='https:\/\/www.mmo-sro.cz\/en\/wp-content\/uploads\/sites\/3\/2016\/03\/20181108_125910.jpg'><img loading=\"lazy\" decoding=\"async\" width=\"300\" height=\"200\" src=\"https:\/\/www.mmo-sro.cz\/en\/wp-content\/uploads\/sites\/3\/2016\/03\/20181108_125910-300x200.jpg\" class=\"attachment-thumbnail size-thumbnail\" alt=\"\" \/><\/a>\n\t\t\t<\/dt><\/dl><dl class='gallery-item'>\n\t\t\t<dt class='gallery-icon landscape'>\n\t\t\t\t<a href='https:\/\/www.mmo-sro.cz\/en\/wp-content\/uploads\/sites\/3\/2016\/03\/20181108_130031.jpg'><img loading=\"lazy\" decoding=\"async\" width=\"300\" height=\"200\" src=\"https:\/\/www.mmo-sro.cz\/en\/wp-content\/uploads\/sites\/3\/2016\/03\/20181108_130031-300x200.jpg\" class=\"attachment-thumbnail size-thumbnail\" alt=\"\" \/><\/a>\n\t\t\t<\/dt><\/dl><br style=\"clear: both\" \/><dl class='gallery-item'>\n\t\t\t<dt class='gallery-icon landscape'>\n\t\t\t\t<a href='https:\/\/www.mmo-sro.cz\/en\/wp-content\/uploads\/sites\/3\/2016\/03\/IMG_20180801_104352.jpg'><img loading=\"lazy\" decoding=\"async\" width=\"300\" height=\"200\" src=\"https:\/\/www.mmo-sro.cz\/en\/wp-content\/uploads\/sites\/3\/2016\/03\/IMG_20180801_104352-300x200.jpg\" class=\"attachment-thumbnail size-thumbnail\" alt=\"\" \/><\/a>\n\t\t\t<\/dt><\/dl><dl class='gallery-item'>\n\t\t\t<dt class='gallery-icon landscape'>\n\t\t\t\t<a href='https:\/\/www.mmo-sro.cz\/en\/wp-content\/uploads\/sites\/3\/2016\/03\/IMG_20180801_104321.jpg'><img loading=\"lazy\" decoding=\"async\" width=\"300\" height=\"200\" src=\"https:\/\/www.mmo-sro.cz\/en\/wp-content\/uploads\/sites\/3\/2016\/03\/IMG_20180801_104321-300x200.jpg\" class=\"attachment-thumbnail size-thumbnail\" alt=\"\" \/><\/a>\n\t\t\t<\/dt><\/dl><dl class='gallery-item'>\n\t\t\t<dt class='gallery-icon portrait'>\n\t\t\t\t<a href='https:\/\/www.mmo-sro.cz\/en\/wp-content\/uploads\/sites\/3\/2016\/03\/IMG_20180801_104829_HDR.jpg'><img loading=\"lazy\" decoding=\"async\" width=\"300\" height=\"200\" src=\"https:\/\/www.mmo-sro.cz\/en\/wp-content\/uploads\/sites\/3\/2016\/03\/IMG_20180801_104829_HDR-300x200.jpg\" class=\"attachment-thumbnail size-thumbnail\" alt=\"\" \/><\/a>\n\t\t\t<\/dt><\/dl><dl class='gallery-item'>\n\t\t\t<dt class='gallery-icon landscape'>\n\t\t\t\t<a href='https:\/\/www.mmo-sro.cz\/en\/wp-content\/uploads\/sites\/3\/2016\/03\/20181025_103839.jpg'><img loading=\"lazy\" decoding=\"async\" width=\"300\" height=\"200\" src=\"https:\/\/www.mmo-sro.cz\/en\/wp-content\/uploads\/sites\/3\/2016\/03\/20181025_103839-300x200.jpg\" class=\"attachment-thumbnail size-thumbnail\" alt=\"\" \/><\/a>\n\t\t\t<\/dt><\/dl><br style=\"clear: both\" \/><dl class='gallery-item'>\n\t\t\t<dt class='gallery-icon landscape'>\n\t\t\t\t<a href='https:\/\/www.mmo-sro.cz\/en\/wp-content\/uploads\/sites\/3\/2016\/03\/IMG_20181010_125953.jpg'><img loading=\"lazy\" decoding=\"async\" width=\"300\" height=\"200\" src=\"https:\/\/www.mmo-sro.cz\/en\/wp-content\/uploads\/sites\/3\/2016\/03\/IMG_20181010_125953-300x200.jpg\" class=\"attachment-thumbnail size-thumbnail\" alt=\"\" \/><\/a>\n\t\t\t<\/dt><\/dl><dl class='gallery-item'>\n\t\t\t<dt class='gallery-icon landscape'>\n\t\t\t\t<a href='https:\/\/www.mmo-sro.cz\/en\/wp-content\/uploads\/sites\/3\/2016\/03\/IMG_20181010_125906.jpg'><img loading=\"lazy\" decoding=\"async\" width=\"300\" height=\"200\" src=\"https:\/\/www.mmo-sro.cz\/en\/wp-content\/uploads\/sites\/3\/2016\/03\/IMG_20181010_125906-300x200.jpg\" class=\"attachment-thumbnail size-thumbnail\" alt=\"\" \/><\/a>\n\t\t\t<\/dt><\/dl><dl class='gallery-item'>\n\t\t\t<dt class='gallery-icon landscape'>\n\t\t\t\t<a href='https:\/\/www.mmo-sro.cz\/en\/wp-content\/uploads\/sites\/3\/2016\/03\/IMG_20181010_125812.jpg'><img loading=\"lazy\" decoding=\"async\" width=\"300\" height=\"200\" src=\"https:\/\/www.mmo-sro.cz\/en\/wp-content\/uploads\/sites\/3\/2016\/03\/IMG_20181010_125812-300x200.jpg\" class=\"attachment-thumbnail size-thumbnail\" alt=\"\" \/><\/a>\n\t\t\t<\/dt><\/dl><dl class='gallery-item'>\n\t\t\t<dt class='gallery-icon landscape'>\n\t\t\t\t<a href='https:\/\/www.mmo-sro.cz\/en\/wp-content\/uploads\/sites\/3\/2016\/03\/IMG_20181010_125819.jpg'><img loading=\"lazy\" decoding=\"async\" width=\"300\" height=\"200\" src=\"https:\/\/www.mmo-sro.cz\/en\/wp-content\/uploads\/sites\/3\/2016\/03\/IMG_20181010_125819-300x200.jpg\" class=\"attachment-thumbnail size-thumbnail\" alt=\"\" \/><\/a>\n\t\t\t<\/dt><\/dl><br style=\"clear: both\" \/><dl class='gallery-item'>\n\t\t\t<dt class='gallery-icon landscape'>\n\t\t\t\t<a href='https:\/\/www.mmo-sro.cz\/en\/wp-content\/uploads\/sites\/3\/2016\/03\/Vazn\u00edky-Hyundai-1.jpg'><img loading=\"lazy\" decoding=\"async\" width=\"300\" height=\"200\" src=\"https:\/\/www.mmo-sro.cz\/en\/wp-content\/uploads\/sites\/3\/2016\/03\/Vazn\u00edky-Hyundai-1-300x200.jpg\" class=\"attachment-thumbnail size-thumbnail\" alt=\"\" srcset=\"https:\/\/www.mmo-sro.cz\/en\/wp-content\/uploads\/sites\/3\/2016\/03\/Vazn\u00edky-Hyundai-1-300x200.jpg 300w, https:\/\/www.mmo-sro.cz\/en\/wp-content\/uploads\/sites\/3\/2016\/03\/Vazn\u00edky-Hyundai-1-1024x683.jpg 1024w\" sizes=\"(max-width: 300px) 100vw, 300px\" \/><\/a>\n\t\t\t<\/dt><\/dl><dl class='gallery-item'>\n\t\t\t<dt class='gallery-icon landscape'>\n\t\t\t\t<a href='https:\/\/www.mmo-sro.cz\/en\/wp-content\/uploads\/sites\/3\/2016\/03\/Vazn\u00edky-Hyundai-2.jpg'><img loading=\"lazy\" decoding=\"async\" width=\"300\" height=\"200\" src=\"https:\/\/www.mmo-sro.cz\/en\/wp-content\/uploads\/sites\/3\/2016\/03\/Vazn\u00edky-Hyundai-2-300x200.jpg\" class=\"attachment-thumbnail size-thumbnail\" alt=\"\" \/><\/a>\n\t\t\t<\/dt><\/dl><dl class='gallery-item'>\n\t\t\t<dt class='gallery-icon landscape'>\n\t\t\t\t<a href='https:\/\/www.mmo-sro.cz\/en\/wp-content\/uploads\/sites\/3\/2016\/03\/Hala-Marlenka-2.jpg'><img loading=\"lazy\" decoding=\"async\" width=\"300\" height=\"200\" src=\"https:\/\/www.mmo-sro.cz\/en\/wp-content\/uploads\/sites\/3\/2016\/03\/Hala-Marlenka-2-300x200.jpg\" class=\"attachment-thumbnail size-thumbnail\" alt=\"\" \/><\/a>\n\t\t\t<\/dt><\/dl><dl class='gallery-item'>\n\t\t\t<dt class='gallery-icon landscape'>\n\t\t\t\t<a href='https:\/\/www.mmo-sro.cz\/en\/wp-content\/uploads\/sites\/3\/2016\/03\/Hala-Marlenka-1.jpg'><img loading=\"lazy\" decoding=\"async\" width=\"300\" height=\"200\" src=\"https:\/\/www.mmo-sro.cz\/en\/wp-content\/uploads\/sites\/3\/2016\/03\/Hala-Marlenka-1-300x200.jpg\" class=\"attachment-thumbnail size-thumbnail\" alt=\"\" \/><\/a>\n\t\t\t<\/dt><\/dl><br style=\"clear: both\" \/><dl class='gallery-item'>\n\t\t\t<dt class='gallery-icon landscape'>\n\t\t\t\t<a href='https:\/\/www.mmo-sro.cz\/en\/wp-content\/uploads\/sites\/3\/2016\/03\/Hala-DAS-Fr\u00fddek-M\u00edstek.jpg'><img loading=\"lazy\" decoding=\"async\" width=\"300\" height=\"200\" src=\"https:\/\/www.mmo-sro.cz\/en\/wp-content\/uploads\/sites\/3\/2016\/03\/Hala-DAS-Fr\u00fddek-M\u00edstek-300x200.jpg\" class=\"attachment-thumbnail size-thumbnail\" alt=\"\" \/><\/a>\n\t\t\t<\/dt><\/dl><dl class='gallery-item'>\n\t\t\t<dt class='gallery-icon landscape'>\n\t\t\t\t<a href='https:\/\/www.mmo-sro.cz\/en\/wp-content\/uploads\/sites\/3\/2016\/03\/Hala-Vset\u00edn.jpg'><img loading=\"lazy\" decoding=\"async\" width=\"300\" height=\"200\" src=\"https:\/\/www.mmo-sro.cz\/en\/wp-content\/uploads\/sites\/3\/2016\/03\/Hala-Vset\u00edn-300x200.jpg\" class=\"attachment-thumbnail size-thumbnail\" alt=\"\" \/><\/a>\n\t\t\t<\/dt><\/dl><dl class='gallery-item'>\n\t\t\t<dt class='gallery-icon landscape'>\n\t\t\t\t<a href='https:\/\/www.mmo-sro.cz\/en\/wp-content\/uploads\/sites\/3\/2016\/03\/Hala-V-Kuty.jpg'><img loading=\"lazy\" decoding=\"async\" width=\"300\" height=\"200\" src=\"https:\/\/www.mmo-sro.cz\/en\/wp-content\/uploads\/sites\/3\/2016\/03\/Hala-V-Kuty-300x200.jpg\" class=\"attachment-thumbnail size-thumbnail\" alt=\"\" \/><\/a>\n\t\t\t<\/dt><\/dl><dl class='gallery-item'>\n\t\t\t<dt class='gallery-icon landscape'>\n\t\t\t\t<a href='https:\/\/www.mmo-sro.cz\/en\/wp-content\/uploads\/sites\/3\/2016\/03\/P\u0159\u00edstavba-haly-\u017datec.jpg'><img loading=\"lazy\" decoding=\"async\" width=\"300\" height=\"200\" src=\"https:\/\/www.mmo-sro.cz\/en\/wp-content\/uploads\/sites\/3\/2016\/03\/P\u0159\u00edstavba-haly-\u017datec-300x200.jpg\" class=\"attachment-thumbnail size-thumbnail\" alt=\"\" \/><\/a>\n\t\t\t<\/dt><\/dl><br style=\"clear: both\" \/><dl class='gallery-item'>\n\t\t\t<dt class='gallery-icon landscape'>\n\t\t\t\t<a href='https:\/\/www.mmo-sro.cz\/en\/wp-content\/uploads\/sites\/3\/2016\/03\/Pr\u016fmyslov\u00e1-hala-Ostrava-1.jpg'><img loading=\"lazy\" decoding=\"async\" width=\"300\" height=\"200\" src=\"https:\/\/www.mmo-sro.cz\/en\/wp-content\/uploads\/sites\/3\/2016\/03\/Pr\u016fmyslov\u00e1-hala-Ostrava-1-300x200.jpg\" class=\"attachment-thumbnail size-thumbnail\" alt=\"\" \/><\/a>\n\t\t\t<\/dt><\/dl><dl class='gallery-item'>\n\t\t\t<dt class='gallery-icon landscape'>\n\t\t\t\t<a href='https:\/\/www.mmo-sro.cz\/en\/wp-content\/uploads\/sites\/3\/2016\/03\/Pr\u016fmyslov\u00e1-hala-Ostrava-2.jpg'><img loading=\"lazy\" decoding=\"async\" width=\"300\" height=\"200\" src=\"https:\/\/www.mmo-sro.cz\/en\/wp-content\/uploads\/sites\/3\/2016\/03\/Pr\u016fmyslov\u00e1-hala-Ostrava-2-300x200.jpg\" class=\"attachment-thumbnail size-thumbnail\" alt=\"\" \/><\/a>\n\t\t\t<\/dt><\/dl><dl class='gallery-item'>\n\t\t\t<dt class='gallery-icon landscape'>\n\t\t\t\t<a href='https:\/\/www.mmo-sro.cz\/en\/wp-content\/uploads\/sites\/3\/2016\/03\/Hala-Blanco-2.jpg'><img loading=\"lazy\" decoding=\"async\" width=\"300\" height=\"200\" src=\"https:\/\/www.mmo-sro.cz\/en\/wp-content\/uploads\/sites\/3\/2016\/03\/Hala-Blanco-2-300x200.jpg\" class=\"attachment-thumbnail size-thumbnail\" alt=\"\" \/><\/a>\n\t\t\t<\/dt><\/dl><dl class='gallery-item'>\n\t\t\t<dt class='gallery-icon landscape'>\n\t\t\t\t<a href='https:\/\/www.mmo-sro.cz\/en\/wp-content\/uploads\/sites\/3\/2016\/03\/Hala-Blanco-1.jpg'><img loading=\"lazy\" decoding=\"async\" width=\"300\" height=\"200\" src=\"https:\/\/www.mmo-sro.cz\/en\/wp-content\/uploads\/sites\/3\/2016\/03\/Hala-Blanco-1-300x200.jpg\" class=\"attachment-thumbnail size-thumbnail\" alt=\"\" \/><\/a>\n\t\t\t<\/dt><\/dl><br style=\"clear: both\" \/><dl class='gallery-item'>\n\t\t\t<dt class='gallery-icon landscape'>\n\t\t\t\t<a href='https:\/\/www.mmo-sro.cz\/en\/wp-content\/uploads\/sites\/3\/2016\/03\/Zast\u0159e\u0161en\u00ed-\u010cD-Bohum\u00edn.jpg'><img loading=\"lazy\" decoding=\"async\" width=\"300\" height=\"200\" src=\"https:\/\/www.mmo-sro.cz\/en\/wp-content\/uploads\/sites\/3\/2016\/03\/Zast\u0159e\u0161en\u00ed-\u010cD-Bohum\u00edn-300x200.jpg\" class=\"attachment-thumbnail size-thumbnail\" alt=\"\" \/><\/a>\n\t\t\t<\/dt><\/dl><dl class='gallery-item'>\n\t\t\t<dt class='gallery-icon landscape'>\n\t\t\t\t<a href='https:\/\/www.mmo-sro.cz\/en\/wp-content\/uploads\/sites\/3\/2016\/03\/Hala-Hustope\u010de.jpg'><img loading=\"lazy\" decoding=\"async\" width=\"300\" height=\"200\" src=\"https:\/\/www.mmo-sro.cz\/en\/wp-content\/uploads\/sites\/3\/2016\/03\/Hala-Hustope\u010de-300x200.jpg\" class=\"attachment-thumbnail size-thumbnail\" alt=\"\" \/><\/a>\n\t\t\t<\/dt><\/dl><dl class='gallery-item'>\n\t\t\t<dt class='gallery-icon landscape'>\n\t\t\t\t<a href='https:\/\/www.mmo-sro.cz\/en\/wp-content\/uploads\/sites\/3\/2016\/03\/Hala-Jakl-Karvin\u00e1.jpg'><img loading=\"lazy\" decoding=\"async\" width=\"300\" height=\"200\" src=\"https:\/\/www.mmo-sro.cz\/en\/wp-content\/uploads\/sites\/3\/2016\/03\/Hala-Jakl-Karvin\u00e1-300x200.jpg\" class=\"attachment-thumbnail size-thumbnail\" alt=\"\" \/><\/a>\n\t\t\t<\/dt><\/dl>\n\t\t\t<br style='clear: both' \/>\n\t\t<\/div>\n\n","protected":false},"excerpt":{"rendered":"","protected":false},"author":1,"featured_media":5307,"parent":5149,"menu_order":6,"comment_status":"closed","ping_status":"closed","template":"","meta":{"footnotes":""},"aioseo_notices":[],"_links":{"self":[{"href":"https:\/\/www.mmo-sro.cz\/en\/wp-json\/wp\/v2\/pages\/5161"}],"collection":[{"href":"https:\/\/www.mmo-sro.cz\/en\/wp-json\/wp\/v2\/pages"}],"about":[{"href":"https:\/\/www.mmo-sro.cz\/en\/wp-json\/wp\/v2\/types\/page"}],"author":[{"embeddable":true,"href":"https:\/\/www.mmo-sro.cz\/en\/wp-json\/wp\/v2\/users\/1"}],"replies":[{"embeddable":true,"href":"https:\/\/www.mmo-sro.cz\/en\/wp-json\/wp\/v2\/comments?post=5161"}],"version-history":[{"count":8,"href":"https:\/\/www.mmo-sro.cz\/en\/wp-json\/wp\/v2\/pages\/5161\/revisions"}],"predecessor-version":[{"id":5585,"href":"https:\/\/www.mmo-sro.cz\/en\/wp-json\/wp\/v2\/pages\/5161\/revisions\/5585"}],"up":[{"embeddable":true,"href":"https:\/\/www.mmo-sro.cz\/en\/wp-json\/wp\/v2\/pages\/5149"}],"wp:featuredmedia":[{"embeddable":true,"href":"https:\/\/www.mmo-sro.cz\/en\/wp-json\/wp\/v2\/media\/5307"}],"wp:attachment":[{"href":"https:\/\/www.mmo-sro.cz\/en\/wp-json\/wp\/v2\/media?parent=5161"}],"curies":[{"name":"wp","href":"https:\/\/api.w.org\/{rel}","templated":true}]}}