{"id":5157,"date":"2016-03-02T13:03:36","date_gmt":"2016-03-02T13:03:36","guid":{"rendered":"https:\/\/www.mmo-sro.cz\/?page_id=5157"},"modified":"2016-06-28T13:04:10","modified_gmt":"2016-06-28T13:04:10","slug":"concrete-plants","status":"publish","type":"page","link":"https:\/\/www.mmo-sro.cz\/en\/galerie\/concrete-plants\/","title":{"rendered":"Concrete Plants"},"content":{"rendered":"\n\t\t<style type=\"text\/css\">\n\t\t\t#gallery-1 {\n\t\t\t\tmargin: auto;\n\t\t\t}\n\t\t\t#gallery-1 .gallery-item {\n\t\t\t\tfloat: left;\n\t\t\t\tmargin-top: 10px;\n\t\t\t\ttext-align: center;\n\t\t\t\twidth: 25%;\n\t\t\t}\n\t\t\t#gallery-1 img {\n\t\t\t\tborder: 2px solid #cfcfcf;\n\t\t\t}\n\t\t\t#gallery-1 .gallery-caption {\n\t\t\t\tmargin-left: 0;\n\t\t\t}\n\t\t\t\/* see gallery_shortcode() in wp-includes\/media.php *\/\n\t\t<\/style>\n\t\t<div id='gallery-1' class='gallery galleryid-5157 gallery-columns-4 gallery-size-thumbnail'><dl class='gallery-item'>\n\t\t\t<dt class='gallery-icon landscape'>\n\t\t\t\t<a href='https:\/\/www.mmo-sro.cz\/en\/wp-content\/uploads\/sites\/3\/2016\/03\/Beton\u00e1rna-Bratislava.jpg'><img loading=\"lazy\" decoding=\"async\" width=\"300\" height=\"200\" src=\"https:\/\/www.mmo-sro.cz\/en\/wp-content\/uploads\/sites\/3\/2016\/03\/Beton\u00e1rna-Bratislava-300x200.jpg\" class=\"attachment-thumbnail size-thumbnail\" alt=\"\" \/><\/a>\n\t\t\t<\/dt><\/dl><dl class='gallery-item'>\n\t\t\t<dt class='gallery-icon portrait'>\n\t\t\t\t<a href='https:\/\/www.mmo-sro.cz\/en\/wp-content\/uploads\/sites\/3\/2016\/03\/Beton\u00e1rna-Bystrovany.jpg'><img loading=\"lazy\" decoding=\"async\" width=\"300\" height=\"200\" src=\"https:\/\/www.mmo-sro.cz\/en\/wp-content\/uploads\/sites\/3\/2016\/03\/Beton\u00e1rna-Bystrovany-300x200.jpg\" class=\"attachment-thumbnail size-thumbnail\" alt=\"\" \/><\/a>\n\t\t\t<\/dt><\/dl><dl class='gallery-item'>\n\t\t\t<dt class='gallery-icon portrait'>\n\t\t\t\t<a href='https:\/\/www.mmo-sro.cz\/en\/wp-content\/uploads\/sites\/3\/2016\/03\/Beton\u00e1rna-Doln\u00ed-M\u011bcholupy.jpg'><img loading=\"lazy\" decoding=\"async\" width=\"300\" height=\"200\" src=\"https:\/\/www.mmo-sro.cz\/en\/wp-content\/uploads\/sites\/3\/2016\/03\/Beton\u00e1rna-Doln\u00ed-M\u011bcholupy-300x200.jpg\" class=\"attachment-thumbnail size-thumbnail\" alt=\"\" \/><\/a>\n\t\t\t<\/dt><\/dl><dl class='gallery-item'>\n\t\t\t<dt class='gallery-icon portrait'>\n\t\t\t\t<a href='https:\/\/www.mmo-sro.cz\/en\/wp-content\/uploads\/sites\/3\/2016\/03\/Beton\u00e1rna-M\u011bln\u00edk-1.jpg'><img loading=\"lazy\" decoding=\"async\" width=\"300\" height=\"200\" src=\"https:\/\/www.mmo-sro.cz\/en\/wp-content\/uploads\/sites\/3\/2016\/03\/Beton\u00e1rna-M\u011bln\u00edk-1-300x200.jpg\" class=\"attachment-thumbnail size-thumbnail\" alt=\"\" \/><\/a>\n\t\t\t<\/dt><\/dl><br style=\"clear: both\" \/><dl class='gallery-item'>\n\t\t\t<dt class='gallery-icon portrait'>\n\t\t\t\t<a href='https:\/\/www.mmo-sro.cz\/en\/wp-content\/uploads\/sites\/3\/2016\/03\/Beton\u00e1rna-M\u011bln\u00edk-2.jpg'><img loading=\"lazy\" decoding=\"async\" width=\"300\" height=\"200\" src=\"https:\/\/www.mmo-sro.cz\/en\/wp-content\/uploads\/sites\/3\/2016\/03\/Beton\u00e1rna-M\u011bln\u00edk-2-300x200.jpg\" class=\"attachment-thumbnail size-thumbnail\" alt=\"\" \/><\/a>\n\t\t\t<\/dt><\/dl><dl class='gallery-item'>\n\t\t\t<dt class='gallery-icon landscape'>\n\t\t\t\t<a href='https:\/\/www.mmo-sro.cz\/en\/wp-content\/uploads\/sites\/3\/2016\/03\/Beton\u00e1rna-Mohelnice.jpg'><img loading=\"lazy\" decoding=\"async\" width=\"300\" height=\"200\" src=\"https:\/\/www.mmo-sro.cz\/en\/wp-content\/uploads\/sites\/3\/2016\/03\/Beton\u00e1rna-Mohelnice-300x200.jpg\" class=\"attachment-thumbnail size-thumbnail\" alt=\"\" \/><\/a>\n\t\t\t<\/dt><\/dl><dl class='gallery-item'>\n\t\t\t<dt class='gallery-icon portrait'>\n\t\t\t\t<a href='https:\/\/www.mmo-sro.cz\/en\/wp-content\/uploads\/sites\/3\/2016\/03\/Beton\u00e1rna-Olbramovice.jpg'><img loading=\"lazy\" decoding=\"async\" width=\"300\" height=\"200\" src=\"https:\/\/www.mmo-sro.cz\/en\/wp-content\/uploads\/sites\/3\/2016\/03\/Beton\u00e1rna-Olbramovice-300x200.jpg\" class=\"attachment-thumbnail size-thumbnail\" alt=\"\" \/><\/a>\n\t\t\t<\/dt><\/dl><dl class='gallery-item'>\n\t\t\t<dt class='gallery-icon portrait'>\n\t\t\t\t<a href='https:\/\/www.mmo-sro.cz\/en\/wp-content\/uploads\/sites\/3\/2016\/03\/Beton\u00e1rna-Olomouc.jpg'><img loading=\"lazy\" decoding=\"async\" width=\"300\" height=\"200\" src=\"https:\/\/www.mmo-sro.cz\/en\/wp-content\/uploads\/sites\/3\/2016\/03\/Beton\u00e1rna-Olomouc-300x200.jpg\" class=\"attachment-thumbnail size-thumbnail\" alt=\"\" \/><\/a>\n\t\t\t<\/dt><\/dl><br style=\"clear: both\" \/><dl class='gallery-item'>\n\t\t\t<dt class='gallery-icon landscape'>\n\t\t\t\t<a href='https:\/\/www.mmo-sro.cz\/en\/wp-content\/uploads\/sites\/3\/2016\/03\/Beton\u00e1rna-Ostrava-SKANSKA.jpg'><img loading=\"lazy\" decoding=\"async\" width=\"300\" height=\"200\" src=\"https:\/\/www.mmo-sro.cz\/en\/wp-content\/uploads\/sites\/3\/2016\/03\/Beton\u00e1rna-Ostrava-SKANSKA-300x200.jpg\" class=\"attachment-thumbnail size-thumbnail\" alt=\"\" \/><\/a>\n\t\t\t<\/dt><\/dl><dl class='gallery-item'>\n\t\t\t<dt class='gallery-icon portrait'>\n\t\t\t\t<a href='https:\/\/www.mmo-sro.cz\/en\/wp-content\/uploads\/sites\/3\/2016\/03\/Beton\u00e1rna-Ostrava-P\u0159\u00edvoz-1.jpg'><img loading=\"lazy\" decoding=\"async\" width=\"300\" height=\"200\" src=\"https:\/\/www.mmo-sro.cz\/en\/wp-content\/uploads\/sites\/3\/2016\/03\/Beton\u00e1rna-Ostrava-P\u0159\u00edvoz-1-300x200.jpg\" class=\"attachment-thumbnail size-thumbnail\" alt=\"\" \/><\/a>\n\t\t\t<\/dt><\/dl><dl class='gallery-item'>\n\t\t\t<dt class='gallery-icon portrait'>\n\t\t\t\t<a href='https:\/\/www.mmo-sro.cz\/en\/wp-content\/uploads\/sites\/3\/2016\/03\/Beton\u00e1rna-Ostrava-P\u0159\u00edvoz-2.jpg'><img loading=\"lazy\" decoding=\"async\" width=\"300\" height=\"200\" src=\"https:\/\/www.mmo-sro.cz\/en\/wp-content\/uploads\/sites\/3\/2016\/03\/Beton\u00e1rna-Ostrava-P\u0159\u00edvoz-2-300x200.jpg\" class=\"attachment-thumbnail size-thumbnail\" alt=\"\" \/><\/a>\n\t\t\t<\/dt><\/dl><dl class='gallery-item'>\n\t\t\t<dt class='gallery-icon landscape'>\n\t\t\t\t<a href='https:\/\/www.mmo-sro.cz\/en\/wp-content\/uploads\/sites\/3\/2016\/03\/Beton\u00e1rna-Plze\u0148.jpg'><img loading=\"lazy\" decoding=\"async\" width=\"300\" height=\"200\" src=\"https:\/\/www.mmo-sro.cz\/en\/wp-content\/uploads\/sites\/3\/2016\/03\/Beton\u00e1rna-Plze\u0148-300x200.jpg\" class=\"attachment-thumbnail size-thumbnail\" alt=\"\" \/><\/a>\n\t\t\t<\/dt><\/dl><br style=\"clear: both\" \/><dl class='gallery-item'>\n\t\t\t<dt class='gallery-icon landscape'>\n\t\t\t\t<a href='https:\/\/www.mmo-sro.cz\/en\/wp-content\/uploads\/sites\/3\/2016\/03\/Beton\u00e1rna-Praha-Tr\u00f3ja.jpg'><img loading=\"lazy\" decoding=\"async\" width=\"300\" height=\"200\" src=\"https:\/\/www.mmo-sro.cz\/en\/wp-content\/uploads\/sites\/3\/2016\/03\/Beton\u00e1rna-Praha-Tr\u00f3ja-300x200.jpg\" class=\"attachment-thumbnail size-thumbnail\" alt=\"\" \/><\/a>\n\t\t\t<\/dt><\/dl><dl class='gallery-item'>\n\t\t\t<dt class='gallery-icon portrait'>\n\t\t\t\t<a href='https:\/\/www.mmo-sro.cz\/en\/wp-content\/uploads\/sites\/3\/2016\/03\/Beton\u00e1rna-Praha-Zbraslav.jpg'><img loading=\"lazy\" decoding=\"async\" width=\"300\" height=\"200\" src=\"https:\/\/www.mmo-sro.cz\/en\/wp-content\/uploads\/sites\/3\/2016\/03\/Beton\u00e1rna-Praha-Zbraslav-300x200.jpg\" class=\"attachment-thumbnail size-thumbnail\" alt=\"\" \/><\/a>\n\t\t\t<\/dt><\/dl><dl class='gallery-item'>\n\t\t\t<dt class='gallery-icon landscape'>\n\t\t\t\t<a href='https:\/\/www.mmo-sro.cz\/en\/wp-content\/uploads\/sites\/3\/2016\/03\/Beton\u00e1rna-P\u0159erov.jpg'><img loading=\"lazy\" decoding=\"async\" width=\"300\" height=\"200\" src=\"https:\/\/www.mmo-sro.cz\/en\/wp-content\/uploads\/sites\/3\/2016\/03\/Beton\u00e1rna-P\u0159erov-300x200.jpg\" class=\"attachment-thumbnail size-thumbnail\" alt=\"\" \/><\/a>\n\t\t\t<\/dt><\/dl><dl class='gallery-item'>\n\t\t\t<dt class='gallery-icon landscape'>\n\t\t\t\t<a href='https:\/\/www.mmo-sro.cz\/en\/wp-content\/uploads\/sites\/3\/2016\/03\/Beton\u00e1rna-T\u0159eb\u00ed\u010d.jpg'><img loading=\"lazy\" decoding=\"async\" width=\"300\" height=\"200\" src=\"https:\/\/www.mmo-sro.cz\/en\/wp-content\/uploads\/sites\/3\/2016\/03\/Beton\u00e1rna-T\u0159eb\u00ed\u010d-300x200.jpg\" class=\"attachment-thumbnail size-thumbnail\" alt=\"\" \/><\/a>\n\t\t\t<\/dt><\/dl><br style=\"clear: both\" \/><dl class='gallery-item'>\n\t\t\t<dt class='gallery-icon landscape'>\n\t\t\t\t<a href='https:\/\/www.mmo-sro.cz\/en\/wp-content\/uploads\/sites\/3\/2016\/03\/Betorn\u00e1rna-Velk\u00e9-Mezi\u0159\u00ed\u010d\u00ed.jpg'><img loading=\"lazy\" decoding=\"async\" width=\"300\" height=\"200\" src=\"https:\/\/www.mmo-sro.cz\/en\/wp-content\/uploads\/sites\/3\/2016\/03\/Betorn\u00e1rna-Velk\u00e9-Mezi\u0159\u00ed\u010d\u00ed-300x200.jpg\" class=\"attachment-thumbnail size-thumbnail\" alt=\"\" \/><\/a>\n\t\t\t<\/dt><\/dl>\n\t\t\t<br style='clear: both' \/>\n\t\t<\/div>\n\n","protected":false},"excerpt":{"rendered":"","protected":false},"author":1,"featured_media":5284,"parent":5149,"menu_order":4,"comment_status":"closed","ping_status":"closed","template":"","meta":{"footnotes":""},"aioseo_notices":[],"_links":{"self":[{"href":"https:\/\/www.mmo-sro.cz\/en\/wp-json\/wp\/v2\/pages\/5157"}],"collection":[{"href":"https:\/\/www.mmo-sro.cz\/en\/wp-json\/wp\/v2\/pages"}],"about":[{"href":"https:\/\/www.mmo-sro.cz\/en\/wp-json\/wp\/v2\/types\/page"}],"author":[{"embeddable":true,"href":"https:\/\/www.mmo-sro.cz\/en\/wp-json\/wp\/v2\/users\/1"}],"replies":[{"embeddable":true,"href":"https:\/\/www.mmo-sro.cz\/en\/wp-json\/wp\/v2\/comments?post=5157"}],"version-history":[{"count":3,"href":"https:\/\/www.mmo-sro.cz\/en\/wp-json\/wp\/v2\/pages\/5157\/revisions"}],"predecessor-version":[{"id":5392,"href":"https:\/\/www.mmo-sro.cz\/en\/wp-json\/wp\/v2\/pages\/5157\/revisions\/5392"}],"up":[{"embeddable":true,"href":"https:\/\/www.mmo-sro.cz\/en\/wp-json\/wp\/v2\/pages\/5149"}],"wp:featuredmedia":[{"embeddable":true,"href":"https:\/\/www.mmo-sro.cz\/en\/wp-json\/wp\/v2\/media\/5284"}],"wp:attachment":[{"href":"https:\/\/www.mmo-sro.cz\/en\/wp-json\/wp\/v2\/media?parent=5157"}],"curies":[{"name":"wp","href":"https:\/\/api.w.org\/{rel}","templated":true}]}}