{"id":5155,"date":"2016-03-02T13:03:18","date_gmt":"2016-03-02T13:03:18","guid":{"rendered":"https:\/\/www.mmo-sro.cz\/?page_id=5155"},"modified":"2018-05-03T06:27:55","modified_gmt":"2018-05-03T06:27:55","slug":"bridges","status":"publish","type":"page","link":"https:\/\/www.mmo-sro.cz\/en\/galerie\/bridges\/","title":{"rendered":"Bridges"},"content":{"rendered":"\n\t\t<style type=\"text\/css\">\n\t\t\t#gallery-1 {\n\t\t\t\tmargin: auto;\n\t\t\t}\n\t\t\t#gallery-1 .gallery-item {\n\t\t\t\tfloat: left;\n\t\t\t\tmargin-top: 10px;\n\t\t\t\ttext-align: center;\n\t\t\t\twidth: 25%;\n\t\t\t}\n\t\t\t#gallery-1 img {\n\t\t\t\tborder: 2px solid #cfcfcf;\n\t\t\t}\n\t\t\t#gallery-1 .gallery-caption {\n\t\t\t\tmargin-left: 0;\n\t\t\t}\n\t\t\t\/* see gallery_shortcode() in wp-includes\/media.php *\/\n\t\t<\/style>\n\t\t<div id='gallery-1' class='gallery galleryid-5155 gallery-columns-4 gallery-size-thumbnail'><dl class='gallery-item'>\n\t\t\t<dt class='gallery-icon landscape'>\n\t\t\t\t<a href='https:\/\/www.mmo-sro.cz\/en\/wp-content\/uploads\/sites\/3\/2016\/03\/Potrubn\u00ed-most-Ba\u0161ka-1.jpg'><img loading=\"lazy\" decoding=\"async\" width=\"300\" height=\"200\" src=\"https:\/\/www.mmo-sro.cz\/en\/wp-content\/uploads\/sites\/3\/2016\/03\/Potrubn\u00ed-most-Ba\u0161ka-1-300x200.jpg\" class=\"attachment-thumbnail size-thumbnail\" alt=\"\" \/><\/a>\n\t\t\t<\/dt><\/dl><dl class='gallery-item'>\n\t\t\t<dt class='gallery-icon landscape'>\n\t\t\t\t<a href='https:\/\/www.mmo-sro.cz\/en\/wp-content\/uploads\/sites\/3\/2016\/03\/Potrubn\u00ed-most-Ba\u0161ka-2.jpg'><img loading=\"lazy\" decoding=\"async\" width=\"300\" height=\"200\" src=\"https:\/\/www.mmo-sro.cz\/en\/wp-content\/uploads\/sites\/3\/2016\/03\/Potrubn\u00ed-most-Ba\u0161ka-2-300x200.jpg\" class=\"attachment-thumbnail size-thumbnail\" alt=\"\" \/><\/a>\n\t\t\t<\/dt><\/dl><dl class='gallery-item'>\n\t\t\t<dt class='gallery-icon landscape'>\n\t\t\t\t<a href='https:\/\/www.mmo-sro.cz\/en\/wp-content\/uploads\/sites\/3\/2016\/03\/Potrubn\u00ed-most-Ba\u0161ka-3.jpg'><img loading=\"lazy\" decoding=\"async\" width=\"300\" height=\"200\" src=\"https:\/\/www.mmo-sro.cz\/en\/wp-content\/uploads\/sites\/3\/2016\/03\/Potrubn\u00ed-most-Ba\u0161ka-3-300x200.jpg\" class=\"attachment-thumbnail size-thumbnail\" alt=\"\" srcset=\"https:\/\/www.mmo-sro.cz\/en\/wp-content\/uploads\/sites\/3\/2016\/03\/Potrubn\u00ed-most-Ba\u0161ka-3-300x199.jpg 300w, https:\/\/www.mmo-sro.cz\/en\/wp-content\/uploads\/sites\/3\/2016\/03\/Potrubn\u00ed-most-Ba\u0161ka-3-1024x682.jpg 1024w\" sizes=\"(max-width: 300px) 100vw, 300px\" \/><\/a>\n\t\t\t<\/dt><\/dl><dl class='gallery-item'>\n\t\t\t<dt class='gallery-icon landscape'>\n\t\t\t\t<a href='https:\/\/www.mmo-sro.cz\/en\/wp-content\/uploads\/sites\/3\/2016\/03\/Silni\u010dn\u00ed-most-T\u0159ebu\u0161ice2.jpg'><img loading=\"lazy\" decoding=\"async\" width=\"300\" height=\"200\" src=\"https:\/\/www.mmo-sro.cz\/en\/wp-content\/uploads\/sites\/3\/2016\/03\/Silni\u010dn\u00ed-most-T\u0159ebu\u0161ice2-300x200.jpg\" class=\"attachment-thumbnail size-thumbnail\" alt=\"\" \/><\/a>\n\t\t\t<\/dt><\/dl><br style=\"clear: both\" \/><dl class='gallery-item'>\n\t\t\t<dt class='gallery-icon landscape'>\n\t\t\t\t<a href='https:\/\/www.mmo-sro.cz\/en\/wp-content\/uploads\/sites\/3\/2016\/03\/Potrubn\u00ed-most-Polanka-2.jpg'><img loading=\"lazy\" decoding=\"async\" width=\"300\" height=\"200\" src=\"https:\/\/www.mmo-sro.cz\/en\/wp-content\/uploads\/sites\/3\/2016\/03\/Potrubn\u00ed-most-Polanka-2-300x200.jpg\" class=\"attachment-thumbnail size-thumbnail\" alt=\"\" \/><\/a>\n\t\t\t<\/dt><\/dl><dl class='gallery-item'>\n\t\t\t<dt class='gallery-icon landscape'>\n\t\t\t\t<a href='https:\/\/www.mmo-sro.cz\/en\/wp-content\/uploads\/sites\/3\/2016\/03\/Potrubn\u00ed-most-Polanka-3.jpg'><img loading=\"lazy\" decoding=\"async\" width=\"300\" height=\"200\" src=\"https:\/\/www.mmo-sro.cz\/en\/wp-content\/uploads\/sites\/3\/2016\/03\/Potrubn\u00ed-most-Polanka-3-300x200.jpg\" class=\"attachment-thumbnail size-thumbnail\" alt=\"\" \/><\/a>\n\t\t\t<\/dt><\/dl><dl class='gallery-item'>\n\t\t\t<dt class='gallery-icon portrait'>\n\t\t\t\t<a href='https:\/\/www.mmo-sro.cz\/en\/wp-content\/uploads\/sites\/3\/2016\/03\/Potrubn\u00ed-most-Polanka-4.jpg'><img loading=\"lazy\" decoding=\"async\" width=\"300\" height=\"200\" src=\"https:\/\/www.mmo-sro.cz\/en\/wp-content\/uploads\/sites\/3\/2016\/03\/Potrubn\u00ed-most-Polanka-4-300x200.jpg\" class=\"attachment-thumbnail size-thumbnail\" alt=\"\" \/><\/a>\n\t\t\t<\/dt><\/dl><dl class='gallery-item'>\n\t\t\t<dt class='gallery-icon landscape'>\n\t\t\t\t<a href='https:\/\/www.mmo-sro.cz\/en\/wp-content\/uploads\/sites\/3\/2016\/03\/Potrubn\u00ed-most-Polanka.jpg'><img loading=\"lazy\" decoding=\"async\" width=\"300\" height=\"200\" src=\"https:\/\/www.mmo-sro.cz\/en\/wp-content\/uploads\/sites\/3\/2016\/03\/Potrubn\u00ed-most-Polanka-300x200.jpg\" class=\"attachment-thumbnail size-thumbnail\" alt=\"\" \/><\/a>\n\t\t\t<\/dt><\/dl><br style=\"clear: both\" \/><dl class='gallery-item'>\n\t\t\t<dt class='gallery-icon landscape'>\n\t\t\t\t<a href='https:\/\/www.mmo-sro.cz\/en\/wp-content\/uploads\/sites\/3\/2016\/03\/DSC04361.jpg'><img loading=\"lazy\" decoding=\"async\" width=\"300\" height=\"200\" src=\"https:\/\/www.mmo-sro.cz\/en\/wp-content\/uploads\/sites\/3\/2016\/03\/DSC04361-300x200.jpg\" class=\"attachment-thumbnail size-thumbnail\" alt=\"\" srcset=\"https:\/\/www.mmo-sro.cz\/en\/wp-content\/uploads\/sites\/3\/2016\/03\/DSC04361-300x199.jpg 300w, https:\/\/www.mmo-sro.cz\/en\/wp-content\/uploads\/sites\/3\/2016\/03\/DSC04361-1024x680.jpg 1024w, https:\/\/www.mmo-sro.cz\/en\/wp-content\/uploads\/sites\/3\/2016\/03\/DSC04361-200x132.jpg 200w\" sizes=\"(max-width: 300px) 100vw, 300px\" \/><\/a>\n\t\t\t<\/dt><\/dl><dl class='gallery-item'>\n\t\t\t<dt class='gallery-icon landscape'>\n\t\t\t\t<a href='https:\/\/www.mmo-sro.cz\/en\/wp-content\/uploads\/sites\/3\/2016\/03\/DSC04399.jpg'><img loading=\"lazy\" decoding=\"async\" width=\"300\" height=\"200\" src=\"https:\/\/www.mmo-sro.cz\/en\/wp-content\/uploads\/sites\/3\/2016\/03\/DSC04399-300x200.jpg\" class=\"attachment-thumbnail size-thumbnail\" alt=\"\" srcset=\"https:\/\/www.mmo-sro.cz\/en\/wp-content\/uploads\/sites\/3\/2016\/03\/DSC04399-300x199.jpg 300w, https:\/\/www.mmo-sro.cz\/en\/wp-content\/uploads\/sites\/3\/2016\/03\/DSC04399-1024x680.jpg 1024w, https:\/\/www.mmo-sro.cz\/en\/wp-content\/uploads\/sites\/3\/2016\/03\/DSC04399-200x132.jpg 200w\" sizes=\"(max-width: 300px) 100vw, 300px\" \/><\/a>\n\t\t\t<\/dt><\/dl><dl class='gallery-item'>\n\t\t\t<dt class='gallery-icon landscape'>\n\t\t\t\t<a href='https:\/\/www.mmo-sro.cz\/en\/wp-content\/uploads\/sites\/3\/2016\/03\/DSC04393.jpg'><img loading=\"lazy\" decoding=\"async\" width=\"300\" height=\"200\" src=\"https:\/\/www.mmo-sro.cz\/en\/wp-content\/uploads\/sites\/3\/2016\/03\/DSC04393-300x200.jpg\" class=\"attachment-thumbnail size-thumbnail\" alt=\"\" srcset=\"https:\/\/www.mmo-sro.cz\/en\/wp-content\/uploads\/sites\/3\/2016\/03\/DSC04393-300x199.jpg 300w, https:\/\/www.mmo-sro.cz\/en\/wp-content\/uploads\/sites\/3\/2016\/03\/DSC04393-1024x680.jpg 1024w, https:\/\/www.mmo-sro.cz\/en\/wp-content\/uploads\/sites\/3\/2016\/03\/DSC04393-200x132.jpg 200w\" sizes=\"(max-width: 300px) 100vw, 300px\" \/><\/a>\n\t\t\t<\/dt><\/dl><dl class='gallery-item'>\n\t\t\t<dt class='gallery-icon landscape'>\n\t\t\t\t<a href='https:\/\/www.mmo-sro.cz\/en\/wp-content\/uploads\/sites\/3\/2016\/03\/DSC04409.jpg'><img loading=\"lazy\" decoding=\"async\" width=\"300\" height=\"200\" src=\"https:\/\/www.mmo-sro.cz\/en\/wp-content\/uploads\/sites\/3\/2016\/03\/DSC04409-300x200.jpg\" class=\"attachment-thumbnail size-thumbnail\" alt=\"\" srcset=\"https:\/\/www.mmo-sro.cz\/en\/wp-content\/uploads\/sites\/3\/2016\/03\/DSC04409-300x199.jpg 300w, https:\/\/www.mmo-sro.cz\/en\/wp-content\/uploads\/sites\/3\/2016\/03\/DSC04409-1024x680.jpg 1024w, https:\/\/www.mmo-sro.cz\/en\/wp-content\/uploads\/sites\/3\/2016\/03\/DSC04409-200x132.jpg 200w\" sizes=\"(max-width: 300px) 100vw, 300px\" \/><\/a>\n\t\t\t<\/dt><\/dl><br style=\"clear: both\" \/><dl class='gallery-item'>\n\t\t\t<dt class='gallery-icon landscape'>\n\t\t\t\t<a href='https:\/\/www.mmo-sro.cz\/en\/wp-content\/uploads\/sites\/3\/2016\/03\/DEZA-Vala\u0161sk\u00e9-Mezi\u0159\u00ed\u010d\u00ed-2.jpg'><img loading=\"lazy\" decoding=\"async\" width=\"300\" height=\"200\" src=\"https:\/\/www.mmo-sro.cz\/en\/wp-content\/uploads\/sites\/3\/2016\/03\/DEZA-Vala\u0161sk\u00e9-Mezi\u0159\u00ed\u010d\u00ed-2-300x200.jpg\" class=\"attachment-thumbnail size-thumbnail\" alt=\"\" \/><\/a>\n\t\t\t<\/dt><\/dl><dl class='gallery-item'>\n\t\t\t<dt class='gallery-icon landscape'>\n\t\t\t\t<a href='https:\/\/www.mmo-sro.cz\/en\/wp-content\/uploads\/sites\/3\/2016\/03\/DEZA-Vala\u0161sk\u00e9-Mezi\u0159\u00ed\u010d\u00ed-1.jpg'><img loading=\"lazy\" decoding=\"async\" width=\"300\" height=\"200\" src=\"https:\/\/www.mmo-sro.cz\/en\/wp-content\/uploads\/sites\/3\/2016\/03\/DEZA-Vala\u0161sk\u00e9-Mezi\u0159\u00ed\u010d\u00ed-1-300x200.jpg\" class=\"attachment-thumbnail size-thumbnail\" alt=\"\" \/><\/a>\n\t\t\t<\/dt><\/dl><dl class='gallery-item'>\n\t\t\t<dt class='gallery-icon landscape'>\n\t\t\t\t<a href='https:\/\/www.mmo-sro.cz\/en\/wp-content\/uploads\/sites\/3\/2016\/03\/Energomosty-Bonatrans-1.jpg'><img loading=\"lazy\" decoding=\"async\" width=\"300\" height=\"200\" src=\"https:\/\/www.mmo-sro.cz\/en\/wp-content\/uploads\/sites\/3\/2016\/03\/Energomosty-Bonatrans-1-300x200.jpg\" class=\"attachment-thumbnail size-thumbnail\" alt=\"\" \/><\/a>\n\t\t\t<\/dt><\/dl><dl class='gallery-item'>\n\t\t\t<dt class='gallery-icon landscape'>\n\t\t\t\t<a href='https:\/\/www.mmo-sro.cz\/en\/wp-content\/uploads\/sites\/3\/2016\/03\/Energomosty-Bonatrans-2.jpg'><img loading=\"lazy\" decoding=\"async\" width=\"300\" height=\"200\" src=\"https:\/\/www.mmo-sro.cz\/en\/wp-content\/uploads\/sites\/3\/2016\/03\/Energomosty-Bonatrans-2-300x200.jpg\" class=\"attachment-thumbnail size-thumbnail\" alt=\"\" \/><\/a>\n\t\t\t<\/dt><\/dl><br style=\"clear: both\" \/><dl class='gallery-item'>\n\t\t\t<dt class='gallery-icon landscape'>\n\t\t\t\t<a href='https:\/\/www.mmo-sro.cz\/en\/wp-content\/uploads\/sites\/3\/2016\/03\/Potrubn\u00ed-most-V\u00edtkovice.jpg'><img loading=\"lazy\" decoding=\"async\" width=\"300\" height=\"200\" src=\"https:\/\/www.mmo-sro.cz\/en\/wp-content\/uploads\/sites\/3\/2016\/03\/Potrubn\u00ed-most-V\u00edtkovice-300x200.jpg\" class=\"attachment-thumbnail size-thumbnail\" alt=\"\" \/><\/a>\n\t\t\t<\/dt><\/dl><dl class='gallery-item'>\n\t\t\t<dt class='gallery-icon landscape'>\n\t\t\t\t<a href='https:\/\/www.mmo-sro.cz\/en\/wp-content\/uploads\/sites\/3\/2016\/03\/Potrubn\u00ed-mosty-AMO.jpg'><img loading=\"lazy\" decoding=\"async\" width=\"300\" height=\"200\" src=\"https:\/\/www.mmo-sro.cz\/en\/wp-content\/uploads\/sites\/3\/2016\/03\/Potrubn\u00ed-mosty-AMO-300x200.jpg\" class=\"attachment-thumbnail size-thumbnail\" alt=\"\" \/><\/a>\n\t\t\t<\/dt><\/dl><dl class='gallery-item'>\n\t\t\t<dt class='gallery-icon landscape'>\n\t\t\t\t<a href='https:\/\/www.mmo-sro.cz\/en\/wp-content\/uploads\/sites\/3\/2016\/03\/ocelove-konstrukce-004.jpg'><img loading=\"lazy\" decoding=\"async\" width=\"300\" height=\"200\" src=\"https:\/\/www.mmo-sro.cz\/en\/wp-content\/uploads\/sites\/3\/2016\/03\/ocelove-konstrukce-004-300x200.jpg\" class=\"attachment-thumbnail size-thumbnail\" alt=\"\" srcset=\"https:\/\/www.mmo-sro.cz\/en\/wp-content\/uploads\/sites\/3\/2016\/03\/ocelove-konstrukce-004-300x200.jpg 300w, https:\/\/www.mmo-sro.cz\/en\/wp-content\/uploads\/sites\/3\/2016\/03\/ocelove-konstrukce-004-200x133.jpg 200w, https:\/\/www.mmo-sro.cz\/en\/wp-content\/uploads\/sites\/3\/2016\/03\/ocelove-konstrukce-004.jpg 600w\" sizes=\"(max-width: 300px) 100vw, 300px\" \/><\/a>\n\t\t\t<\/dt><\/dl><dl class='gallery-item'>\n\t\t\t<dt class='gallery-icon landscape'>\n\t\t\t\t<a href='https:\/\/www.mmo-sro.cz\/en\/wp-content\/uploads\/sites\/3\/2016\/03\/ocelove-konstrukce-003.jpg'><img loading=\"lazy\" decoding=\"async\" width=\"300\" height=\"200\" src=\"https:\/\/www.mmo-sro.cz\/en\/wp-content\/uploads\/sites\/3\/2016\/03\/ocelove-konstrukce-003-300x200.jpg\" class=\"attachment-thumbnail size-thumbnail\" alt=\"\" srcset=\"https:\/\/www.mmo-sro.cz\/en\/wp-content\/uploads\/sites\/3\/2016\/03\/ocelove-konstrukce-003-300x200.jpg 300w, https:\/\/www.mmo-sro.cz\/en\/wp-content\/uploads\/sites\/3\/2016\/03\/ocelove-konstrukce-003-200x133.jpg 200w, https:\/\/www.mmo-sro.cz\/en\/wp-content\/uploads\/sites\/3\/2016\/03\/ocelove-konstrukce-003.jpg 600w\" sizes=\"(max-width: 300px) 100vw, 300px\" \/><\/a>\n\t\t\t<\/dt><\/dl><br style=\"clear: both\" \/><dl class='gallery-item'>\n\t\t\t<dt class='gallery-icon landscape'>\n\t\t\t\t<a href='https:\/\/www.mmo-sro.cz\/en\/wp-content\/uploads\/sites\/3\/2016\/03\/L\u00e1vka-Hranice-2.jpg'><img loading=\"lazy\" decoding=\"async\" width=\"300\" height=\"200\" src=\"https:\/\/www.mmo-sro.cz\/en\/wp-content\/uploads\/sites\/3\/2016\/03\/L\u00e1vka-Hranice-2-300x200.jpg\" class=\"attachment-thumbnail size-thumbnail\" alt=\"\" \/><\/a>\n\t\t\t<\/dt><\/dl><dl class='gallery-item'>\n\t\t\t<dt class='gallery-icon landscape'>\n\t\t\t\t<a href='https:\/\/www.mmo-sro.cz\/en\/wp-content\/uploads\/sites\/3\/2016\/03\/L\u00e1vka-Hranice-3.jpg'><img loading=\"lazy\" decoding=\"async\" width=\"300\" height=\"200\" src=\"https:\/\/www.mmo-sro.cz\/en\/wp-content\/uploads\/sites\/3\/2016\/03\/L\u00e1vka-Hranice-3-300x200.jpg\" class=\"attachment-thumbnail size-thumbnail\" alt=\"\" \/><\/a>\n\t\t\t<\/dt><\/dl><dl class='gallery-item'>\n\t\t\t<dt class='gallery-icon landscape'>\n\t\t\t\t<a href='https:\/\/www.mmo-sro.cz\/en\/wp-content\/uploads\/sites\/3\/2016\/03\/L\u00e1vka-Hranice-1.jpg'><img loading=\"lazy\" decoding=\"async\" width=\"300\" height=\"200\" src=\"https:\/\/www.mmo-sro.cz\/en\/wp-content\/uploads\/sites\/3\/2016\/03\/L\u00e1vka-Hranice-1-300x200.jpg\" class=\"attachment-thumbnail size-thumbnail\" alt=\"\" \/><\/a>\n\t\t\t<\/dt><\/dl><dl class='gallery-item'>\n\t\t\t<dt class='gallery-icon landscape'>\n\t\t\t\t<a href='https:\/\/www.mmo-sro.cz\/en\/wp-content\/uploads\/sites\/3\/2016\/03\/L\u00e1vka-p\u0159es-Ostravici.jpg'><img loading=\"lazy\" decoding=\"async\" width=\"300\" height=\"200\" src=\"https:\/\/www.mmo-sro.cz\/en\/wp-content\/uploads\/sites\/3\/2016\/03\/L\u00e1vka-p\u0159es-Ostravici-300x200.jpg\" class=\"attachment-thumbnail size-thumbnail\" alt=\"\" \/><\/a>\n\t\t\t<\/dt><\/dl><br style=\"clear: both\" \/><dl class='gallery-item'>\n\t\t\t<dt class='gallery-icon landscape'>\n\t\t\t\t<a href='https:\/\/www.mmo-sro.cz\/en\/wp-content\/uploads\/sites\/3\/2016\/03\/L\u00e1vka-Velk\u00e1-\u0160t\u00e1hle.jpg'><img loading=\"lazy\" decoding=\"async\" width=\"300\" height=\"200\" src=\"https:\/\/www.mmo-sro.cz\/en\/wp-content\/uploads\/sites\/3\/2016\/03\/L\u00e1vka-Velk\u00e1-\u0160t\u00e1hle-300x200.jpg\" class=\"attachment-thumbnail size-thumbnail\" alt=\"\" \/><\/a>\n\t\t\t<\/dt><\/dl>\n\t\t\t<br style='clear: both' \/>\n\t\t<\/div>\n\n","protected":false},"excerpt":{"rendered":"","protected":false},"author":1,"featured_media":5260,"parent":5149,"menu_order":3,"comment_status":"closed","ping_status":"closed","template":"","meta":{"footnotes":""},"aioseo_notices":[],"_links":{"self":[{"href":"https:\/\/www.mmo-sro.cz\/en\/wp-json\/wp\/v2\/pages\/5155"}],"collection":[{"href":"https:\/\/www.mmo-sro.cz\/en\/wp-json\/wp\/v2\/pages"}],"about":[{"href":"https:\/\/www.mmo-sro.cz\/en\/wp-json\/wp\/v2\/types\/page"}],"author":[{"embeddable":true,"href":"https:\/\/www.mmo-sro.cz\/en\/wp-json\/wp\/v2\/users\/1"}],"replies":[{"embeddable":true,"href":"https:\/\/www.mmo-sro.cz\/en\/wp-json\/wp\/v2\/comments?post=5155"}],"version-history":[{"count":10,"href":"https:\/\/www.mmo-sro.cz\/en\/wp-json\/wp\/v2\/pages\/5155\/revisions"}],"predecessor-version":[{"id":5565,"href":"https:\/\/www.mmo-sro.cz\/en\/wp-json\/wp\/v2\/pages\/5155\/revisions\/5565"}],"up":[{"embeddable":true,"href":"https:\/\/www.mmo-sro.cz\/en\/wp-json\/wp\/v2\/pages\/5149"}],"wp:featuredmedia":[{"embeddable":true,"href":"https:\/\/www.mmo-sro.cz\/en\/wp-json\/wp\/v2\/media\/5260"}],"wp:attachment":[{"href":"https:\/\/www.mmo-sro.cz\/en\/wp-json\/wp\/v2\/media?parent=5155"}],"curies":[{"name":"wp","href":"https:\/\/api.w.org\/{rel}","templated":true}]}}