{"id":5153,"date":"2016-03-02T13:03:02","date_gmt":"2016-03-02T13:03:02","guid":{"rendered":"https:\/\/www.mmo-sro.cz\/?page_id=5153"},"modified":"2018-07-30T10:18:54","modified_gmt":"2018-07-30T10:18:54","slug":"surface-treatment-and-expedition","status":"publish","type":"page","link":"https:\/\/www.mmo-sro.cz\/en\/galerie\/surface-treatment-and-expedition\/","title":{"rendered":"Surface Treatment and Expedition"},"content":{"rendered":"\n\t\t<style type=\"text\/css\">\n\t\t\t#gallery-1 {\n\t\t\t\tmargin: auto;\n\t\t\t}\n\t\t\t#gallery-1 .gallery-item {\n\t\t\t\tfloat: left;\n\t\t\t\tmargin-top: 10px;\n\t\t\t\ttext-align: center;\n\t\t\t\twidth: 25%;\n\t\t\t}\n\t\t\t#gallery-1 img {\n\t\t\t\tborder: 2px solid #cfcfcf;\n\t\t\t}\n\t\t\t#gallery-1 .gallery-caption {\n\t\t\t\tmargin-left: 0;\n\t\t\t}\n\t\t\t\/* see gallery_shortcode() in wp-includes\/media.php *\/\n\t\t<\/style>\n\t\t<div id='gallery-1' class='gallery galleryid-5153 gallery-columns-4 gallery-size-thumbnail'><dl class='gallery-item'>\n\t\t\t<dt class='gallery-icon landscape'>\n\t\t\t\t<a href='https:\/\/www.mmo-sro.cz\/en\/wp-content\/uploads\/sites\/3\/2016\/03\/20180724_065844.jpg'><img loading=\"lazy\" decoding=\"async\" width=\"300\" height=\"200\" src=\"https:\/\/www.mmo-sro.cz\/en\/wp-content\/uploads\/sites\/3\/2016\/03\/20180724_065844-300x200.jpg\" class=\"attachment-thumbnail size-thumbnail\" alt=\"\" \/><\/a>\n\t\t\t<\/dt><\/dl><dl class='gallery-item'>\n\t\t\t<dt class='gallery-icon landscape'>\n\t\t\t\t<a href='https:\/\/www.mmo-sro.cz\/en\/wp-content\/uploads\/sites\/3\/2016\/03\/20180723_100957.jpg'><img loading=\"lazy\" decoding=\"async\" width=\"300\" height=\"200\" src=\"https:\/\/www.mmo-sro.cz\/en\/wp-content\/uploads\/sites\/3\/2016\/03\/20180723_100957-300x200.jpg\" class=\"attachment-thumbnail size-thumbnail\" alt=\"\" \/><\/a>\n\t\t\t<\/dt><\/dl><dl class='gallery-item'>\n\t\t\t<dt class='gallery-icon landscape'>\n\t\t\t\t<a href='https:\/\/www.mmo-sro.cz\/en\/wp-content\/uploads\/sites\/3\/2016\/03\/20180724_070255.jpg'><img loading=\"lazy\" decoding=\"async\" width=\"300\" height=\"200\" src=\"https:\/\/www.mmo-sro.cz\/en\/wp-content\/uploads\/sites\/3\/2016\/03\/20180724_070255-300x200.jpg\" class=\"attachment-thumbnail size-thumbnail\" alt=\"\" \/><\/a>\n\t\t\t<\/dt><\/dl><dl class='gallery-item'>\n\t\t\t<dt class='gallery-icon landscape'>\n\t\t\t\t<a href='https:\/\/www.mmo-sro.cz\/en\/wp-content\/uploads\/sites\/3\/2016\/03\/20180723_100912.jpg'><img loading=\"lazy\" decoding=\"async\" width=\"300\" height=\"200\" src=\"https:\/\/www.mmo-sro.cz\/en\/wp-content\/uploads\/sites\/3\/2016\/03\/20180723_100912-300x200.jpg\" class=\"attachment-thumbnail size-thumbnail\" alt=\"\" \/><\/a>\n\t\t\t<\/dt><\/dl><br style=\"clear: both\" \/><dl class='gallery-item'>\n\t\t\t<dt class='gallery-icon landscape'>\n\t\t\t\t<a href='https:\/\/www.mmo-sro.cz\/en\/wp-content\/uploads\/sites\/3\/2016\/03\/DSC04264.jpg'><img loading=\"lazy\" decoding=\"async\" width=\"300\" height=\"200\" src=\"https:\/\/www.mmo-sro.cz\/en\/wp-content\/uploads\/sites\/3\/2016\/03\/DSC04264-300x200.jpg\" class=\"attachment-thumbnail size-thumbnail\" alt=\"\" srcset=\"https:\/\/www.mmo-sro.cz\/en\/wp-content\/uploads\/sites\/3\/2016\/03\/DSC04264-300x199.jpg 300w, https:\/\/www.mmo-sro.cz\/en\/wp-content\/uploads\/sites\/3\/2016\/03\/DSC04264-1024x680.jpg 1024w, https:\/\/www.mmo-sro.cz\/en\/wp-content\/uploads\/sites\/3\/2016\/03\/DSC04264-200x132.jpg 200w\" sizes=\"(max-width: 300px) 100vw, 300px\" \/><\/a>\n\t\t\t<\/dt><\/dl><dl class='gallery-item'>\n\t\t\t<dt class='gallery-icon landscape'>\n\t\t\t\t<a href='https:\/\/www.mmo-sro.cz\/en\/wp-content\/uploads\/sites\/3\/2016\/03\/DSC04260.jpg'><img loading=\"lazy\" decoding=\"async\" width=\"300\" height=\"200\" src=\"https:\/\/www.mmo-sro.cz\/en\/wp-content\/uploads\/sites\/3\/2016\/03\/DSC04260-300x200.jpg\" class=\"attachment-thumbnail size-thumbnail\" alt=\"\" srcset=\"https:\/\/www.mmo-sro.cz\/en\/wp-content\/uploads\/sites\/3\/2016\/03\/DSC04260-300x199.jpg 300w, https:\/\/www.mmo-sro.cz\/en\/wp-content\/uploads\/sites\/3\/2016\/03\/DSC04260-1024x680.jpg 1024w, https:\/\/www.mmo-sro.cz\/en\/wp-content\/uploads\/sites\/3\/2016\/03\/DSC04260-200x132.jpg 200w\" sizes=\"(max-width: 300px) 100vw, 300px\" \/><\/a>\n\t\t\t<\/dt><\/dl><dl class='gallery-item'>\n\t\t\t<dt class='gallery-icon landscape'>\n\t\t\t\t<a href='https:\/\/www.mmo-sro.cz\/en\/wp-content\/uploads\/sites\/3\/2016\/03\/DSC04259.jpg'><img loading=\"lazy\" decoding=\"async\" width=\"300\" height=\"200\" src=\"https:\/\/www.mmo-sro.cz\/en\/wp-content\/uploads\/sites\/3\/2016\/03\/DSC04259-300x200.jpg\" class=\"attachment-thumbnail size-thumbnail\" alt=\"\" srcset=\"https:\/\/www.mmo-sro.cz\/en\/wp-content\/uploads\/sites\/3\/2016\/03\/DSC04259-300x199.jpg 300w, https:\/\/www.mmo-sro.cz\/en\/wp-content\/uploads\/sites\/3\/2016\/03\/DSC04259-1024x680.jpg 1024w, https:\/\/www.mmo-sro.cz\/en\/wp-content\/uploads\/sites\/3\/2016\/03\/DSC04259-200x132.jpg 200w\" sizes=\"(max-width: 300px) 100vw, 300px\" \/><\/a>\n\t\t\t<\/dt><\/dl><dl class='gallery-item'>\n\t\t\t<dt class='gallery-icon landscape'>\n\t\t\t\t<a href='https:\/\/www.mmo-sro.cz\/en\/wp-content\/uploads\/sites\/3\/2016\/03\/DSC04257.jpg'><img loading=\"lazy\" decoding=\"async\" width=\"300\" height=\"200\" src=\"https:\/\/www.mmo-sro.cz\/en\/wp-content\/uploads\/sites\/3\/2016\/03\/DSC04257-300x200.jpg\" class=\"attachment-thumbnail size-thumbnail\" alt=\"\" srcset=\"https:\/\/www.mmo-sro.cz\/en\/wp-content\/uploads\/sites\/3\/2016\/03\/DSC04257-300x199.jpg 300w, https:\/\/www.mmo-sro.cz\/en\/wp-content\/uploads\/sites\/3\/2016\/03\/DSC04257-1024x680.jpg 1024w, https:\/\/www.mmo-sro.cz\/en\/wp-content\/uploads\/sites\/3\/2016\/03\/DSC04257-200x132.jpg 200w\" sizes=\"(max-width: 300px) 100vw, 300px\" \/><\/a>\n\t\t\t<\/dt><\/dl><br style=\"clear: both\" \/><dl class='gallery-item'>\n\t\t\t<dt class='gallery-icon landscape'>\n\t\t\t\t<a href='https:\/\/www.mmo-sro.cz\/en\/wp-content\/uploads\/sites\/3\/2016\/03\/IMG_20170704_084324.jpg'><img loading=\"lazy\" decoding=\"async\" width=\"300\" height=\"200\" src=\"https:\/\/www.mmo-sro.cz\/en\/wp-content\/uploads\/sites\/3\/2016\/03\/IMG_20170704_084324-300x200.jpg\" class=\"attachment-thumbnail size-thumbnail\" alt=\"\" \/><\/a>\n\t\t\t<\/dt><\/dl><dl class='gallery-item'>\n\t\t\t<dt class='gallery-icon landscape'>\n\t\t\t\t<a href='https:\/\/www.mmo-sro.cz\/en\/wp-content\/uploads\/sites\/3\/2016\/03\/IMG_20170704_084335.jpg'><img loading=\"lazy\" decoding=\"async\" width=\"300\" height=\"200\" src=\"https:\/\/www.mmo-sro.cz\/en\/wp-content\/uploads\/sites\/3\/2016\/03\/IMG_20170704_084335-300x200.jpg\" class=\"attachment-thumbnail size-thumbnail\" alt=\"\" \/><\/a>\n\t\t\t<\/dt><\/dl><dl class='gallery-item'>\n\t\t\t<dt class='gallery-icon landscape'>\n\t\t\t\t<a href='https:\/\/www.mmo-sro.cz\/en\/wp-content\/uploads\/sites\/3\/2016\/03\/Silni\u010dn\u00ed-most-T\u0159ebu\u0161ice1.jpg'><img loading=\"lazy\" decoding=\"async\" width=\"300\" height=\"200\" src=\"https:\/\/www.mmo-sro.cz\/en\/wp-content\/uploads\/sites\/3\/2016\/03\/Silni\u010dn\u00ed-most-T\u0159ebu\u0161ice1-300x200.jpg\" class=\"attachment-thumbnail size-thumbnail\" alt=\"\" \/><\/a>\n\t\t\t<\/dt><\/dl><dl class='gallery-item'>\n\t\t\t<dt class='gallery-icon landscape'>\n\t\t\t\t<a href='https:\/\/www.mmo-sro.cz\/en\/wp-content\/uploads\/sites\/3\/2016\/03\/20171011_094457.jpg'><img loading=\"lazy\" decoding=\"async\" width=\"300\" height=\"200\" src=\"https:\/\/www.mmo-sro.cz\/en\/wp-content\/uploads\/sites\/3\/2016\/03\/20171011_094457-300x200.jpg\" class=\"attachment-thumbnail size-thumbnail\" alt=\"\" \/><\/a>\n\t\t\t<\/dt><\/dl><br style=\"clear: both\" \/><dl class='gallery-item'>\n\t\t\t<dt class='gallery-icon landscape'>\n\t\t\t\t<a href='https:\/\/www.mmo-sro.cz\/en\/wp-content\/uploads\/sites\/3\/2016\/03\/20170515_123204.jpg'><img loading=\"lazy\" decoding=\"async\" width=\"300\" height=\"200\" src=\"https:\/\/www.mmo-sro.cz\/en\/wp-content\/uploads\/sites\/3\/2016\/03\/20170515_123204-300x200.jpg\" class=\"attachment-thumbnail size-thumbnail\" alt=\"\" \/><\/a>\n\t\t\t<\/dt><\/dl><dl class='gallery-item'>\n\t\t\t<dt class='gallery-icon landscape'>\n\t\t\t\t<a href='https:\/\/www.mmo-sro.cz\/en\/wp-content\/uploads\/sites\/3\/2016\/03\/20170515_123722.jpg'><img loading=\"lazy\" decoding=\"async\" width=\"300\" height=\"200\" src=\"https:\/\/www.mmo-sro.cz\/en\/wp-content\/uploads\/sites\/3\/2016\/03\/20170515_123722-300x200.jpg\" class=\"attachment-thumbnail size-thumbnail\" alt=\"\" \/><\/a>\n\t\t\t<\/dt><\/dl><dl class='gallery-item'>\n\t\t\t<dt class='gallery-icon landscape'>\n\t\t\t\t<a href='https:\/\/www.mmo-sro.cz\/en\/wp-content\/uploads\/sites\/3\/2016\/03\/Hala-povrchov\u00e9-ochrany-1.jpg'><img loading=\"lazy\" decoding=\"async\" width=\"300\" height=\"200\" src=\"https:\/\/www.mmo-sro.cz\/en\/wp-content\/uploads\/sites\/3\/2016\/03\/Hala-povrchov\u00e9-ochrany-1-300x200.jpg\" class=\"attachment-thumbnail size-thumbnail\" alt=\"\" \/><\/a>\n\t\t\t<\/dt><\/dl><dl class='gallery-item'>\n\t\t\t<dt class='gallery-icon landscape'>\n\t\t\t\t<a href='https:\/\/www.mmo-sro.cz\/en\/wp-content\/uploads\/sites\/3\/2016\/03\/Hala-povrchov\u00e9-ochrany-2.jpg'><img loading=\"lazy\" decoding=\"async\" width=\"300\" height=\"200\" src=\"https:\/\/www.mmo-sro.cz\/en\/wp-content\/uploads\/sites\/3\/2016\/03\/Hala-povrchov\u00e9-ochrany-2-300x200.jpg\" class=\"attachment-thumbnail size-thumbnail\" alt=\"\" \/><\/a>\n\t\t\t<\/dt><\/dl><br style=\"clear: both\" \/><dl class='gallery-item'>\n\t\t\t<dt class='gallery-icon landscape'>\n\t\t\t\t<a href='https:\/\/www.mmo-sro.cz\/en\/wp-content\/uploads\/sites\/3\/2016\/03\/Hala-povrchov\u00e9-ochrany-3.jpg'><img loading=\"lazy\" decoding=\"async\" width=\"300\" height=\"200\" src=\"https:\/\/www.mmo-sro.cz\/en\/wp-content\/uploads\/sites\/3\/2016\/03\/Hala-povrchov\u00e9-ochrany-3-300x200.jpg\" class=\"attachment-thumbnail size-thumbnail\" alt=\"\" \/><\/a>\n\t\t\t<\/dt><\/dl><dl class='gallery-item'>\n\t\t\t<dt class='gallery-icon landscape'>\n\t\t\t\t<a href='https:\/\/www.mmo-sro.cz\/en\/wp-content\/uploads\/sites\/3\/2016\/03\/Kabelov\u00fd-most-AMO.jpg'><img loading=\"lazy\" decoding=\"async\" width=\"300\" height=\"200\" src=\"https:\/\/www.mmo-sro.cz\/en\/wp-content\/uploads\/sites\/3\/2016\/03\/Kabelov\u00fd-most-AMO-300x200.jpg\" class=\"attachment-thumbnail size-thumbnail\" alt=\"\" \/><\/a>\n\t\t\t<\/dt><\/dl><dl class='gallery-item'>\n\t\t\t<dt class='gallery-icon landscape'>\n\t\t\t\t<a href='https:\/\/www.mmo-sro.cz\/en\/wp-content\/uploads\/sites\/3\/2016\/03\/Potrubn\u00ed-most-AMO.jpg'><img loading=\"lazy\" decoding=\"async\" width=\"300\" height=\"200\" src=\"https:\/\/www.mmo-sro.cz\/en\/wp-content\/uploads\/sites\/3\/2016\/03\/Potrubn\u00ed-most-AMO-300x200.jpg\" class=\"attachment-thumbnail size-thumbnail\" alt=\"\" \/><\/a>\n\t\t\t<\/dt><\/dl><dl class='gallery-item'>\n\t\t\t<dt class='gallery-icon landscape'>\n\t\t\t\t<a href='https:\/\/www.mmo-sro.cz\/en\/wp-content\/uploads\/sites\/3\/2016\/03\/Vodn\u00ed-elektr\u00e1rna-Sud\u00e1n-3.jpg'><img loading=\"lazy\" decoding=\"async\" width=\"300\" height=\"200\" src=\"https:\/\/www.mmo-sro.cz\/en\/wp-content\/uploads\/sites\/3\/2016\/03\/Vodn\u00ed-elektr\u00e1rna-Sud\u00e1n-3-300x200.jpg\" class=\"attachment-thumbnail size-thumbnail\" alt=\"\" \/><\/a>\n\t\t\t<\/dt><\/dl><br style=\"clear: both\" \/><dl class='gallery-item'>\n\t\t\t<dt class='gallery-icon landscape'>\n\t\t\t\t<a href='https:\/\/www.mmo-sro.cz\/en\/wp-content\/uploads\/sites\/3\/2016\/03\/Vodn\u00ed-elektr\u00e1rna-Sud\u00e1n-4.jpg'><img loading=\"lazy\" decoding=\"async\" width=\"300\" height=\"200\" src=\"https:\/\/www.mmo-sro.cz\/en\/wp-content\/uploads\/sites\/3\/2016\/03\/Vodn\u00ed-elektr\u00e1rna-Sud\u00e1n-4-300x200.jpg\" class=\"attachment-thumbnail size-thumbnail\" alt=\"\" \/><\/a>\n\t\t\t<\/dt><\/dl><dl class='gallery-item'>\n\t\t\t<dt class='gallery-icon landscape'>\n\t\t\t\t<a href='https:\/\/www.mmo-sro.cz\/en\/wp-content\/uploads\/sites\/3\/2016\/03\/Vodn\u00ed-elektr\u00e1rna-Sud\u00e1n-1.jpg'><img loading=\"lazy\" decoding=\"async\" width=\"300\" height=\"200\" src=\"https:\/\/www.mmo-sro.cz\/en\/wp-content\/uploads\/sites\/3\/2016\/03\/Vodn\u00ed-elektr\u00e1rna-Sud\u00e1n-1-300x200.jpg\" class=\"attachment-thumbnail size-thumbnail\" alt=\"\" \/><\/a>\n\t\t\t<\/dt><\/dl><dl class='gallery-item'>\n\t\t\t<dt class='gallery-icon landscape'>\n\t\t\t\t<a href='https:\/\/www.mmo-sro.cz\/en\/wp-content\/uploads\/sites\/3\/2016\/03\/Vodn\u00ed-elektr\u00e1rna-Sud\u00e1n-5.jpg'><img loading=\"lazy\" decoding=\"async\" width=\"300\" height=\"200\" src=\"https:\/\/www.mmo-sro.cz\/en\/wp-content\/uploads\/sites\/3\/2016\/03\/Vodn\u00ed-elektr\u00e1rna-Sud\u00e1n-5-300x200.jpg\" class=\"attachment-thumbnail size-thumbnail\" alt=\"\" \/><\/a>\n\t\t\t<\/dt><\/dl><dl class='gallery-item'>\n\t\t\t<dt class='gallery-icon landscape'>\n\t\t\t\t<a href='https:\/\/www.mmo-sro.cz\/en\/wp-content\/uploads\/sites\/3\/2016\/03\/Vodn\u00ed-elektr\u00e1rna-Sud\u00e1n-2.jpg'><img loading=\"lazy\" decoding=\"async\" width=\"300\" height=\"200\" src=\"https:\/\/www.mmo-sro.cz\/en\/wp-content\/uploads\/sites\/3\/2016\/03\/Vodn\u00ed-elektr\u00e1rna-Sud\u00e1n-2-300x200.jpg\" class=\"attachment-thumbnail size-thumbnail\" alt=\"\" \/><\/a>\n\t\t\t<\/dt><\/dl><br style=\"clear: both\" \/><dl class='gallery-item'>\n\t\t\t<dt class='gallery-icon landscape'>\n\t\t\t\t<a href='https:\/\/www.mmo-sro.cz\/en\/wp-content\/uploads\/sites\/3\/2016\/03\/Zkru\u017eovan\u00e9-vazn\u00edky-Nig\u00e9rie.jpg'><img loading=\"lazy\" decoding=\"async\" width=\"300\" height=\"200\" src=\"https:\/\/www.mmo-sro.cz\/en\/wp-content\/uploads\/sites\/3\/2016\/03\/Zkru\u017eovan\u00e9-vazn\u00edky-Nig\u00e9rie-300x200.jpg\" class=\"attachment-thumbnail size-thumbnail\" alt=\"\" \/><\/a>\n\t\t\t<\/dt><\/dl><dl class='gallery-item'>\n\t\t\t<dt class='gallery-icon landscape'>\n\t\t\t\t<a href='https:\/\/www.mmo-sro.cz\/en\/wp-content\/uploads\/sites\/3\/2016\/03\/Nosn\u00e1-Ok-Knihovna-Abuja.jpg'><img loading=\"lazy\" decoding=\"async\" width=\"300\" height=\"200\" src=\"https:\/\/www.mmo-sro.cz\/en\/wp-content\/uploads\/sites\/3\/2016\/03\/Nosn\u00e1-Ok-Knihovna-Abuja-300x200.jpg\" class=\"attachment-thumbnail size-thumbnail\" alt=\"\" \/><\/a>\n\t\t\t<\/dt><\/dl><dl class='gallery-item'>\n\t\t\t<dt class='gallery-icon landscape'>\n\t\t\t\t<a href='https:\/\/www.mmo-sro.cz\/en\/wp-content\/uploads\/sites\/3\/2016\/03\/Nosn\u00edky-je\u0159\u00e1bov\u00e9-dr\u00e1hy-Norsko.jpg'><img loading=\"lazy\" decoding=\"async\" width=\"300\" height=\"200\" src=\"https:\/\/www.mmo-sro.cz\/en\/wp-content\/uploads\/sites\/3\/2016\/03\/Nosn\u00edky-je\u0159\u00e1bov\u00e9-dr\u00e1hy-Norsko-300x200.jpg\" class=\"attachment-thumbnail size-thumbnail\" alt=\"\" \/><\/a>\n\t\t\t<\/dt><\/dl><dl class='gallery-item'>\n\t\t\t<dt class='gallery-icon landscape'>\n\t\t\t\t<a href='https:\/\/www.mmo-sro.cz\/en\/wp-content\/uploads\/sites\/3\/2016\/03\/Plo\u0161iny-Norsko.jpg'><img loading=\"lazy\" decoding=\"async\" width=\"300\" height=\"200\" src=\"https:\/\/www.mmo-sro.cz\/en\/wp-content\/uploads\/sites\/3\/2016\/03\/Plo\u0161iny-Norsko-300x200.jpg\" class=\"attachment-thumbnail size-thumbnail\" alt=\"\" \/><\/a>\n\t\t\t<\/dt><\/dl><br style=\"clear: both\" \/><dl class='gallery-item'>\n\t\t\t<dt class='gallery-icon landscape'>\n\t\t\t\t<a href='https:\/\/www.mmo-sro.cz\/en\/wp-content\/uploads\/sites\/3\/2016\/03\/Plo\u0161iny-WHL-\u0158ecko.jpg'><img loading=\"lazy\" decoding=\"async\" width=\"300\" height=\"200\" src=\"https:\/\/www.mmo-sro.cz\/en\/wp-content\/uploads\/sites\/3\/2016\/03\/Plo\u0161iny-WHL-\u0158ecko-300x200.jpg\" class=\"attachment-thumbnail size-thumbnail\" alt=\"\" \/><\/a>\n\t\t\t<\/dt><\/dl><dl class='gallery-item'>\n\t\t\t<dt class='gallery-icon portrait'>\n\t\t\t\t<a href='https:\/\/www.mmo-sro.cz\/en\/wp-content\/uploads\/sites\/3\/2016\/03\/20160601_125038.jpg'><img loading=\"lazy\" decoding=\"async\" width=\"300\" height=\"200\" src=\"https:\/\/www.mmo-sro.cz\/en\/wp-content\/uploads\/sites\/3\/2016\/03\/20160601_125038-300x200.jpg\" class=\"attachment-thumbnail size-thumbnail\" alt=\"\" \/><\/a>\n\t\t\t<\/dt><\/dl><dl class='gallery-item'>\n\t\t\t<dt class='gallery-icon landscape'>\n\t\t\t\t<a href='https:\/\/www.mmo-sro.cz\/en\/wp-content\/uploads\/sites\/3\/2016\/03\/Zinkovan\u00e9-z\u00e1bradl\u00ed-Francie.jpg'><img loading=\"lazy\" decoding=\"async\" width=\"300\" height=\"200\" src=\"https:\/\/www.mmo-sro.cz\/en\/wp-content\/uploads\/sites\/3\/2016\/03\/Zinkovan\u00e9-z\u00e1bradl\u00ed-Francie-300x200.jpg\" class=\"attachment-thumbnail size-thumbnail\" alt=\"\" \/><\/a>\n\t\t\t<\/dt><\/dl><dl class='gallery-item'>\n\t\t\t<dt class='gallery-icon landscape'>\n\t\t\t\t<a href='https:\/\/www.mmo-sro.cz\/en\/wp-content\/uploads\/sites\/3\/2016\/03\/008.jpg'><img loading=\"lazy\" decoding=\"async\" width=\"300\" height=\"200\" src=\"https:\/\/www.mmo-sro.cz\/en\/wp-content\/uploads\/sites\/3\/2016\/03\/008-300x200.jpg\" class=\"attachment-thumbnail size-thumbnail\" alt=\"\" \/><\/a>\n\t\t\t<\/dt><\/dl><br style=\"clear: both\" \/><dl class='gallery-item'>\n\t\t\t<dt class='gallery-icon landscape'>\n\t\t\t\t<a href='https:\/\/www.mmo-sro.cz\/en\/wp-content\/uploads\/sites\/3\/2016\/03\/Potrubn\u00ed-most-Polanka-3.jpg'><img loading=\"lazy\" decoding=\"async\" width=\"300\" height=\"200\" src=\"https:\/\/www.mmo-sro.cz\/en\/wp-content\/uploads\/sites\/3\/2016\/03\/Potrubn\u00ed-most-Polanka-3-300x200.jpg\" class=\"attachment-thumbnail size-thumbnail\" alt=\"\" \/><\/a>\n\t\t\t<\/dt><\/dl><dl class='gallery-item'>\n\t\t\t<dt class='gallery-icon portrait'>\n\t\t\t\t<a href='https:\/\/www.mmo-sro.cz\/en\/wp-content\/uploads\/sites\/3\/2016\/03\/Potrubn\u00ed-most-Polanka-4.jpg'><img loading=\"lazy\" decoding=\"async\" width=\"300\" height=\"200\" src=\"https:\/\/www.mmo-sro.cz\/en\/wp-content\/uploads\/sites\/3\/2016\/03\/Potrubn\u00ed-most-Polanka-4-300x200.jpg\" class=\"attachment-thumbnail size-thumbnail\" alt=\"\" \/><\/a>\n\t\t\t<\/dt><\/dl><dl class='gallery-item'>\n\t\t\t<dt class='gallery-icon landscape'>\n\t\t\t\t<a href='https:\/\/www.mmo-sro.cz\/en\/wp-content\/uploads\/sites\/3\/2016\/03\/Potrubn\u00ed-most-Polanka.jpg'><img loading=\"lazy\" decoding=\"async\" width=\"300\" height=\"200\" src=\"https:\/\/www.mmo-sro.cz\/en\/wp-content\/uploads\/sites\/3\/2016\/03\/Potrubn\u00ed-most-Polanka-300x200.jpg\" class=\"attachment-thumbnail size-thumbnail\" alt=\"\" \/><\/a>\n\t\t\t<\/dt><\/dl><dl class='gallery-item'>\n\t\t\t<dt class='gallery-icon landscape'>\n\t\t\t\t<a href='https:\/\/www.mmo-sro.cz\/en\/wp-content\/uploads\/sites\/3\/2016\/03\/Potrubn\u00ed-most-Polanka-2.jpg'><img loading=\"lazy\" decoding=\"async\" width=\"300\" height=\"200\" src=\"https:\/\/www.mmo-sro.cz\/en\/wp-content\/uploads\/sites\/3\/2016\/03\/Potrubn\u00ed-most-Polanka-2-300x200.jpg\" class=\"attachment-thumbnail size-thumbnail\" alt=\"\" \/><\/a>\n\t\t\t<\/dt><\/dl><br style=\"clear: both\" \/><dl class='gallery-item'>\n\t\t\t<dt class='gallery-icon landscape'>\n\t\t\t\t<a href='https:\/\/www.mmo-sro.cz\/en\/wp-content\/uploads\/sites\/3\/2016\/03\/IMG_20171107_075058-1.jpg'><img loading=\"lazy\" decoding=\"async\" width=\"300\" height=\"200\" src=\"https:\/\/www.mmo-sro.cz\/en\/wp-content\/uploads\/sites\/3\/2016\/03\/IMG_20171107_075058-1-300x200.jpg\" class=\"attachment-thumbnail size-thumbnail\" alt=\"\" \/><\/a>\n\t\t\t<\/dt><\/dl>\n\t\t\t<br style='clear: both' \/>\n\t\t<\/div>\n\n","protected":false},"excerpt":{"rendered":"","protected":false},"author":1,"featured_media":5239,"parent":5149,"menu_order":2,"comment_status":"closed","ping_status":"closed","template":"","meta":{"footnotes":""},"aioseo_notices":[],"_links":{"self":[{"href":"https:\/\/www.mmo-sro.cz\/en\/wp-json\/wp\/v2\/pages\/5153"}],"collection":[{"href":"https:\/\/www.mmo-sro.cz\/en\/wp-json\/wp\/v2\/pages"}],"about":[{"href":"https:\/\/www.mmo-sro.cz\/en\/wp-json\/wp\/v2\/types\/page"}],"author":[{"embeddable":true,"href":"https:\/\/www.mmo-sro.cz\/en\/wp-json\/wp\/v2\/users\/1"}],"replies":[{"embeddable":true,"href":"https:\/\/www.mmo-sro.cz\/en\/wp-json\/wp\/v2\/comments?post=5153"}],"version-history":[{"count":11,"href":"https:\/\/www.mmo-sro.cz\/en\/wp-json\/wp\/v2\/pages\/5153\/revisions"}],"predecessor-version":[{"id":5570,"href":"https:\/\/www.mmo-sro.cz\/en\/wp-json\/wp\/v2\/pages\/5153\/revisions\/5570"}],"up":[{"embeddable":true,"href":"https:\/\/www.mmo-sro.cz\/en\/wp-json\/wp\/v2\/pages\/5149"}],"wp:featuredmedia":[{"embeddable":true,"href":"https:\/\/www.mmo-sro.cz\/en\/wp-json\/wp\/v2\/media\/5239"}],"wp:attachment":[{"href":"https:\/\/www.mmo-sro.cz\/en\/wp-json\/wp\/v2\/media?parent=5153"}],"curies":[{"name":"wp","href":"https:\/\/api.w.org\/{rel}","templated":true}]}}