{"id":4663,"date":"2016-01-13T10:28:05","date_gmt":"2016-01-13T10:28:05","guid":{"rendered":"https:\/\/www.mmo-sro.cz\/?page_id=4663"},"modified":"2024-05-01T05:07:14","modified_gmt":"2024-05-01T05:07:14","slug":"uvod-2","status":"publish","type":"page","link":"https:\/\/www.mmo-sro.cz\/en\/","title":{"rendered":"Introduction"},"content":{"rendered":"<p>The company <strong>MORAVSK\u00c9 MONT\u00c1\u017dE s.r.o. <\/strong>is engaged in production and assembly of steel structure.<br \/>\nOur company operates on the market over 20 years and currently it has about 50 employees.<\/p>\n<p><strong>Scope of business:<\/strong><\/p>\n<ul>\n<li>production and assembly of steel structure<\/li>\n<li>repair, maintenance and service of metal structure and technological equipment<\/li>\n<li>implementation of industrial and highway construction<\/li>\n<\/ul>\n<p><strong>Why to choose our company?<\/strong><\/p>\n<p>Our main goal is to achieve complete customer satisfaction based on high-quality work, <br \/>\ntimely completion deadlines and reasonable prices.Introduction<\/p>\n","protected":false},"excerpt":{"rendered":"<p>The company MORAVSK\u00c9 MONT\u00c1\u017dE s.r.o. is engaged in production and assembly of steel structure. Our company operates on the market over 20 years and currently it has about 50 employees. Scope of business: production and assembly of steel structure repair, maintenance and service of metal structure and technological equipment implementation of industrial and highway construction [&hellip;]<\/p>\n","protected":false},"author":1,"featured_media":0,"parent":0,"menu_order":1,"comment_status":"closed","ping_status":"closed","template":"uvod.php","meta":{"footnotes":""},"aioseo_notices":[],"_links":{"self":[{"href":"https:\/\/www.mmo-sro.cz\/en\/wp-json\/wp\/v2\/pages\/4663"}],"collection":[{"href":"https:\/\/www.mmo-sro.cz\/en\/wp-json\/wp\/v2\/pages"}],"about":[{"href":"https:\/\/www.mmo-sro.cz\/en\/wp-json\/wp\/v2\/types\/page"}],"author":[{"embeddable":true,"href":"https:\/\/www.mmo-sro.cz\/en\/wp-json\/wp\/v2\/users\/1"}],"replies":[{"embeddable":true,"href":"https:\/\/www.mmo-sro.cz\/en\/wp-json\/wp\/v2\/comments?post=4663"}],"version-history":[{"count":12,"href":"https:\/\/www.mmo-sro.cz\/en\/wp-json\/wp\/v2\/pages\/4663\/revisions"}],"predecessor-version":[{"id":5737,"href":"https:\/\/www.mmo-sro.cz\/en\/wp-json\/wp\/v2\/pages\/4663\/revisions\/5737"}],"wp:attachment":[{"href":"https:\/\/www.mmo-sro.cz\/en\/wp-json\/wp\/v2\/media?parent=4663"}],"curies":[{"name":"wp","href":"https:\/\/api.w.org\/{rel}","templated":true}]}}